{"id":4349,"date":"2025-10-16T02:29:16","date_gmt":"2025-10-16T02:29:16","guid":{"rendered":"https:\/\/tenerife-living.com\/?page_id=4349"},"modified":"2025-10-16T06:03:49","modified_gmt":"2025-10-16T06:03:49","slug":"politica-de-privacidad","status":"publish","type":"page","link":"https:\/\/tenerife-living.com\/it\/politica-de-privacidad\/","title":{"rendered":"Informativa sulla privacy"},"content":{"rendered":"<p><div class=\"fusion-fullwidth fullwidth-box fusion-builder-row-1 fusion-flex-container has-pattern-background has-mask-background nonhundred-percent-fullwidth non-hundred-percent-height-scrolling\" style=\"--awb-background-position:center bottom;--awb-background-position-small:right bottom;--awb-border-color:var(--awb-color2);--awb-border-radius-top-left:0px;--awb-border-radius-top-right:0px;--awb-border-radius-bottom-right:0px;--awb-border-radius-bottom-left:0px;--awb-min-height:550px;--awb-background-color:var(--awb-color2);--awb-background-size:contain;--awb-background-size-small:cover;--awb-flex-wrap:wrap;\" ><div class=\"fusion-builder-row fusion-row fusion-flex-align-items-center fusion-flex-align-content-center fusion-flex-justify-content-center fusion-flex-content-wrap\" style=\"max-width:1248px;margin-left: calc(-4% \/ 2 );margin-right: calc(-4% \/ 2 );\"><div class=\"fusion-layout-column fusion_builder_column fusion-builder-column-0 fusion_builder_column_1_1 1_1 fusion-flex-column\" style=\"--awb-bg-size:cover;--awb-width-large:100%;--awb-margin-top-large:0px;--awb-spacing-right-large:1.92%;--awb-margin-bottom-large:0px;--awb-spacing-left-large:1.92%;--awb-width-medium:100%;--awb-order-medium:0;--awb-spacing-right-medium:1.92%;--awb-spacing-left-medium:1.92%;--awb-width-small:100%;--awb-order-small:0;--awb-spacing-right-small:5vw;--awb-spacing-left-small:5vw;\"><div class=\"fusion-column-wrapper fusion-column-has-shadow fusion-flex-justify-content-flex-start fusion-content-layout-column\"><div class=\"fusion-title title fusion-title-1 fusion-sep-none fusion-title-center fusion-title-text fusion-title-size-one\" style=\"--awb-font-size:75px;\"><h1 class=\"fusion-title-heading title-heading-center fusion-responsive-typography-calculated\" style=\"font-family:var(--awb-typography1-font-family);font-weight:var(--awb-typography1-font-weight);font-style:var(--awb-typography1-font-style);margin:0;font-size:1em;letter-spacing:var(--awb-typography1-letter-spacing);text-transform:var(--awb-typography1-text-transform);--fontSize:75;line-height:var(--awb-typography1-line-height);\">Informativa sulla privacy<\/h1><\/div><\/div><\/div><\/div><\/div><div class=\"fusion-fullwidth fullwidth-box fusion-builder-row-2 fusion-flex-container has-pattern-background has-mask-background hundred-percent-fullwidth non-hundred-percent-height-scrolling\" style=\"--link_color: var(--awb-color2);--awb-border-sizes-top:1.5px;--awb-border-sizes-bottom:1.5px;--awb-border-sizes-left:1.5px;--awb-border-sizes-right:1.5px;--awb-border-color:var(--awb-color2);--awb-border-radius-top-left:0px;--awb-border-radius-top-right:0px;--awb-border-radius-bottom-right:0px;--awb-border-radius-bottom-left:0px;--awb-flex-wrap:wrap;\" ><div class=\"fusion-builder-row fusion-row fusion-flex-align-items-flex-start fusion-flex-justify-content-center fusion-flex-content-wrap\" style=\"width:104% !important;max-width:104% !important;margin-left: calc(-4% \/ 2 );margin-right: calc(-4% \/ 2 );\"><div class=\"fusion-layout-column fusion_builder_column fusion-builder-column-1 fusion_builder_column_2_3 2_3 fusion-flex-column\" style=\"--awb-padding-top:5vw;--awb-padding-right:2vw;--awb-padding-bottom:5vw;--awb-padding-left:2vw;--awb-padding-top-small:15vw;--awb-padding-bottom-small:15vw;--awb-bg-size:cover;--awb-width-large:66.666666666667%;--awb-margin-top-large:0px;--awb-spacing-right-large:100px;--awb-margin-bottom-large:20px;--awb-spacing-left-large:100px;--awb-width-medium:100%;--awb-order-medium:0;--awb-spacing-right-medium:100px;--awb-spacing-left-medium:100px;--awb-width-small:100%;--awb-order-small:0;--awb-spacing-right-small:1.92%;--awb-spacing-left-small:1.92%;\"><div class=\"fusion-column-wrapper fusion-column-has-shadow fusion-flex-justify-content-flex-start fusion-content-layout-column\"><div class=\"fusion-text fusion-text-1\" style=\"--awb-font-size:20px;--awb-line-height:var(--awb-typography4-line-height);--awb-letter-spacing:var(--awb-typography4-letter-spacing);--awb-text-transform:var(--awb-typography4-text-transform);--awb-text-color:var(--awb-custom_color_1);--awb-text-font-family:&quot;Outfit&quot;;--awb-text-font-style:normal;--awb-text-font-weight:300;\"><h5 data-fontsize=\"30\" style=\"--fontSize: 30; line-height: 1;\" data-lineheight=\"30px\" class=\"fusion-responsive-typography-calculated\">Direttiva sulla protezione dei dati adattata al regolamento europeo della LOPD<\/h5>\n<p>Responsabile : GGKDRD Inversiones Y Construcciones SL<\/p>\n<p>Finalit\u00e0: rispondere a domande relative alla fornitura di servizi e all'adempimento di obblighi contrattuali e precontrattuali.<\/p>\n<p>Legittimazione: consenso della persona interessata.<\/p>\n<p>Destinatari : Altre aziende spagnole che fanno parte della rete di aziende che collaborano con GGKDRD Inversiones Y Construcciones SL. Pubbliche amministrazioni ed enti pubblici per adempiere agli obblighi richiesti direttamente da GGKDRD Inversiones Y Construcciones SL.<\/p>\n<p>Diritti: accesso ai dati, rettifica e cancellazione dei dati e altri diritti, come spiegato nelle informazioni aggiuntive.<\/p>\n<p>Informazioni supplementari : Si prega di leggere le informazioni supplementari e dettagliate sulla protezione dei dati.<\/p>\n<h5>INFORMAZIONI AGGIUNTIVE<\/h5>\n<p>GGKDRD Inversiones Y Construcciones SL, nel suo impegno per la protezione dei dati personali dei suoi clienti e come massima garanzia della loro privacy, ha effettuato una revisione di tutti i processi aziendali e in particolare di quelli che riguardano il trattamento dei dati personali al fine di adattarli ai nuovi requisiti della normativa UE, il Regolamento Generale sulla Protezione dei Dati (GDPR) ha implementato misure di sicurezza adeguate in base ai risultati dell'analisi dei rischi effettuata e alle sue linee guida sulla protezione dei dati e di conseguenza alle attuali informazioni legali aggiornate.<\/p>\n<p>L'utente e\/o il cliente garantisce che i dati forniti sono veritieri, accurati, completi e aggiornati ed \u00e8 responsabile di qualsiasi danno o perdita diretta o indiretta che possa derivare dal mancato rispetto di tale obbligo. Nel caso in cui i dati forniti appartengano a terzi, l'utente e\/o il cliente garantisce di aver informato tali terzi degli aspetti contenuti nel presente documento e di aver ottenuto il loro consenso a fornire i propri dati a GGKDRD Inversiones Y Construcciones SL per le finalit\u00e0 indicate. Il portale pu\u00f2 ospitare blog, forum e altre applicazioni o servizi di social networking per facilitare lo scambio di conoscenze e contenuti.<\/p>\n<p>Tutte le informazioni personali fornite dall'utente possono essere condivise con altri utenti di questo servizio, sui quali GGKDRD Inversiones Y Construcciones SL non ha alcun controllo. Ai fini della sicurezza tecnica e della diagnostica del sistema, GGKDRD Inversiones Y Construcciones SL pu\u00f2 registrare, in forma anonima o pseudonimizzata, l'indirizzo IP (numero di identificazione dell'accesso a Internet del dispositivo, attraverso il quale dispositivi, sistemi e server possono riconoscersi e comunicare). Queste informazioni possono essere utilizzate anche per analizzare le prestazioni del web. In conformit\u00e0 alla normativa vigente in materia di protezione dei dati personali, l'utente o il cliente di GGKDRD Inversiones Y Construcciones SL sar\u00e0 informato di quanto segue:<\/p>\n<h5>CONTROLLORE DEI DATI<\/h5>\n<p>Le entit\u00e0 appartenenti a GGKDRD Inversiones Y Construcciones SL e quindi responsabili del trattamento dei dati forniti volontariamente dall'utente sono: GGKDRD Inversiones Y Construcciones SL CIF: B38544730<\/p>\n<h5>NECESSIT\u00c0 DEL TRATTAMENTO DEI DATI PERSONALI<\/h5>\n<p>I dati personali forniti volontariamente dall'utente vengono inseriti nei documenti di trattamento attraverso la compilazione di moduli (su supporto cartaceo o elettronico) o attraverso comunicazioni via e-mail o contatti telefonici da parte di GGKDRD Inversiones Y Construcciones SL o delle aziende che compongono il gruppo GGKDRD Inversiones Y Construcciones SL per le seguenti finalit\u00e0: Elaborazione e amministrazione della richiesta di informazioni e\/o consulenza, pre-contratto o contratto effettuata dall'utente e\/o cliente attraverso questo sito web, telefono, e-mail. La gestione e il controllo dei servizi offerti attraverso il sito web, il telefono o l'e-mail in relazione alla consulenza e alla fornitura di servizi che possono richiedere il rinvio a professionisti legali, sanitari e di assistenza legale. Assicurazione. Invio di informazioni sui servizi e prodotti di GGKDRD Inversiones Y Construcciones SL, la cui conclusione di un contratto pu\u00f2 essere di interesse per l'utente. Fornitura dei servizi contenuti nel sito web e\/o fornitura delle informazioni richieste via Internet, via e-mail o per telefono. Le chiamate telefoniche possono essere registrate per garantire la qualit\u00e0 del servizio. Le e-mail possono riportare la conferma di ricezione e lettura. Gestire il rapporto contrattuale o commerciale tra GGKDRD Inversiones Y Construcciones SL e gli utenti e\/o clienti. Gestire l'adempimento degli obblighi contrattuali o extracontrattuali assunti da GGKDRD Inversiones Y Construcciones SL. Gestire e mantenere un registro unico dei clienti delle aziende del gruppo GGKDRD Inversiones Y Construcciones SL nel sistema pubblicitario di GGKDRD Inversiones Y Construcciones SL. Offrire all'utente prodotti, servizi o contenuti personalizzati recuperando, ampliando e migliorando i profili e le attivit\u00e0 di segmentazione o CRM di cui il cliente dispone attualmente. Nei casi in cui l'utente acconsenta espressamente, verranno inviate informazioni pubblicitarie e commerciali con vari mezzi su GGKDRD Inversiones Y Construcciones SL, sulle sue attivit\u00e0, servizi, offerte, concorsi, promozioni speciali e vari tipi di documentazione per l'utente e\/o il cliente di interesse o utilit\u00e0 e relative alle aree di trasporto, tempo libero, viaggi, cultura, carte e mezzi di pagamento, automotive, assicurazioni, finanziamenti, regali o tecnologia. Allo stesso modo, in ogni processo in cui l'utente fornisce i propri dati personali, sar\u00e0 informato della forma obbligatoria o facoltativa di completamento e del risultato della consegna informata.<\/p>\n<h5>INFORMAZIONI SUL TRATTAMENTO DEI DATI AI FINI DELL'INVIO DI COMUNICAZIONI<\/h5>\n<p>I dati utilizzati o forniti nelle comunicazioni informative e\/o pubblicitarie sono trattati da GGKDRD Inversiones Y Construcciones SL per l'invio di comunicazioni elettroniche di carattere informativo su servizi, attivit\u00e0, pubblicazioni, celebrazioni, congratulazioni ed eventi sociali e professionali di GGKDRD Inversiones Y Construcciones SL, che possono essere di interesse per l'utente e\/o il cliente; e per il monitoraggio e l'ottimizzazione delle campagne di marketing che vengono realizzate con le tecnologie a questo scopo. Il consenso all'invio di tali messaggi pu\u00f2 essere revocato in qualsiasi momento in qualsiasi messaggio ricevuto inviando un'e-mail a info@tenerife-living.com. Il criterio di conservazione dei dati si basa sulla manifestazione che contraddice il loro trattamento. In ogni caso, i diritti di accesso, rettifica o cancellazione, limitazione del trattamento, opposizione e portabilit\u00e0 possono essere esercitati via e-mail a info@tenerife-living.com, allegando una fotocopia della carta d'identit\u00e0 o di un documento equivalente.<\/p>\n<h5>DATI PERSONALI DI TERZI<\/h5>\n<p>Nel caso in cui i dati personali vengano forniti da una persona diversa dall'utente o dal titolare dei dati che agisce in qualit\u00e0 di rappresentante, tale rappresentante garantisce di aver informato il titolare dei dati specificati nella presente direttiva sulla protezione dei dati e di aver ricevuto la sua autorizzazione a fornire i dati a GGKDRD Inversiones Y Construcciones SL per le finalit\u00e0 specificate. Garantisce inoltre l'esattezza e l'aggiornamento dei dati forniti ed \u00e8 responsabile di qualsiasi danno, diretto o indiretto, che possa derivare dal mancato rispetto di tale obbligo. CONSERVAZIONE DEI DATI PERSONALI I dati personali forniti saranno conservati per tutto il tempo in cui si mantiene il rapporto contrattuale, la loro cancellazione non \u00e8 richiesta dall'interessato e non possono essere cancellati, in quanto necessari per l'adempimento di un obbligo legale, per la formulazione, l'esercizio e la difesa di reclami o quando il loro mantenimento \u00e8 necessario per consentire l'applicazione del beneficio, sconto o vantaggio promozionale al cliente. Se l'utente acconsente al trattamento dei suoi dati o esercita il diritto di cancellazione o soppressione, i suoi dati personali saranno messi a disposizione dell'amministrazione giudiziaria durante i periodi stabiliti dalla legge per assumere le eventuali responsabilit\u00e0 derivanti dal trattamento.<\/p>\n<h5>LEGITTIMAZIONE AL TRATTAMENTO DEI DATI PERSONALI<\/h5>\n<p>GGKDRD Inversiones Y Construcciones SL \u00e8 autorizzata a trattare i dati personali sulla base dei seguenti presupposti: l'utente o il cliente ha fornito il proprio consenso esplicito per le finalit\u00e0 descritte nella sezione 2 della presente informativa, che richiedono il trattamento di dati dell'utente o del cliente che rivelino l'origine razziale o etnica, le opinioni politiche e le convinzioni religiose o filosofiche, l'appartenenza sindacale, i dati genetici, i dati biometrici per l'identificazione univoca di una persona fisica, i dati relativi alla salute, i reati penali o i dati relativi alla vita o all'orientamento sessuale. L'utente o il cliente ha fornito i propri dati personali nell'ambito di un rapporto contrattuale o precontrattuale al fine di evadere la sua richiesta di informazioni o consulenza in materia legale, sanitaria e assicurativa. L'utente o il cliente ha dato il proprio consenso per l'invio di comunicazioni commerciali relative a prodotti o servizi di GGKDRD Inversiones Y Construcciones SL che possano essere di suo interesse, per l'installazione di sistemi di monitoraggio che forniscano informazioni sulle sue abitudini di navigazione in conformit\u00e0 con la politica sui cookie o per l'invio delle informazioni necessarie attraverso i moduli di contatto. Esistono obblighi legali che richiedono il trattamento dei dati personali in conformit\u00e0 con i servizi forniti. La base giuridica del trattamento dei dati personali degli utenti e\/o clienti da parte di GGKDRD Inversiones Y Construcciones SL si trova nelle lettere a), b) e c) dell'articolo 6, numero 1, del Regolamento (UE) 2016\/679, del 27 aprile.<\/p>\n<h5>CATEGORIE TARGET<\/h5>\n<p>I dati personali degli utenti e\/o clienti di GGKDRD Inversiones Y Construcciones SL possono essere trasferiti alle seguenti categorie di soggetti interessati: Agenzie con cui GGKDRD Inversiones Y Construcciones SL mantiene accordi di collaborazione per la corretta esecuzione del contratto. Fornitori di servizi informatici, compresi i servizi di cloud computing. Pubbliche amministrazioni ed enti pubblici per l'adempimento di obblighi immediatamente esecutivi per GGKDRD Inversiones Y Construcciones SL o se dispone della corrispondente autorizzazione legale.<\/p>\n<h5>TRASFERIMENTO INTERNAZIONALE<\/h5>\n<p>GGKDRD Inversiones Y Construcciones SL non effettua attualmente trasferimenti internazionali di dati.<\/p>\n<h5>DIRITTI DELL'INTERESSATO<\/h5>\n<p>Di fronte a GGKDRD Inversiones Y Construcciones SL, l'utente e\/o il cliente pu\u00f2 esercitare i diritti di accesso, rettifica o cancellazione, limitazione del trattamento, opposizione, portabilit\u00e0 e contro le decisioni individuali automatizzate. Potranno inoltre revocare il proprio consenso se lo hanno dato per uno scopo specifico e modificare le proprie preferenze in qualsiasi momento. L'utente e\/o il cliente pu\u00f2 esercitare tutti i diritti specificati nel paragrafo precedente inviando un'e-mail con le informazioni corrispondenti a GGKDRD Inversiones Y Construcciones SL: info@tenerife-living.com o inviando una lettera firmata a GGKDRD Inversiones Y Construcciones SL, Camino La Sabina 52, Buen Paso - Icod de los Vinos 38430 Tenerife, allegando in entrambi i casi una copia del DNI, del NIE o del passaporto e, se del caso, i documenti giustificativi della richiesta. L'utente e\/o cliente \u00e8 informato che pu\u00f2 presentare qualsiasi reclamo in relazione alla protezione dei dati personali presso l'autorit\u00e0 statale spagnola di controllo della protezione dei dati (www.agpd.es).<\/p>\n<h5>AGGIORNAMENTO DELLA POLITICA<\/h5>\n<p>La presente informativa \u00e8 stata aggiornata in conformit\u00e0 ai requisiti del Regolamento generale sulla protezione dei dati (GDPR) della Comunit\u00e0. Si informa inoltre che la presente informativa pu\u00f2 essere modificata a causa di cambiamenti nei requisiti stabiliti dalla legislazione applicabile, di decisioni giudiziarie, di cambiamenti nella giurisdizione e di cambiamenti nelle prestazioni e nella strategia commerciale di GGKDRD Inversiones Y Construcciones SL e delle sue filiali. La pubblicazione e l'accesso da parte degli utenti avviene dallo stesso sito web. I rapporti instaurati con essi prima della modifica sono considerati regolati dalle norme stabilite al momento dell'accesso a questo sito.<\/p>\n<p>Sito ufficiale per la promozione del turismo nelle Isole Canarie - Sito ufficiale per la promozione del turismo a Tenerife - Asociaci\u00f3n Canaria de Alquileres Vacacionales ASCAV (Associazione Canaria degli Affittacamere)<\/p>\n<\/div><div class=\"fusion-separator fusion-full-width-sep\" style=\"align-self: center;margin-left: auto;margin-right: auto;margin-top:10px;margin-bottom:10px;width:100%;\"><\/div><\/div><\/div><\/div><\/div><\/p>","protected":false},"excerpt":{"rendered":"","protected":false},"author":1,"featured_media":0,"parent":0,"menu_order":0,"comment_status":"closed","ping_status":"closed","template":"100-width.php","meta":{"_acf_changed":false,"footnotes":""},"class_list":["post-4349","page","type-page","status-publish","hentry"],"acf":[],"yoast_head":"<!-- This site is optimized with the Yoast SEO plugin v26.2 - https:\/\/yoast.com\/wordpress\/plugins\/seo\/ -->\n<title>Pol\u00edtica de privacidad - Tenerife Living<\/title>\n<meta name=\"robots\" content=\"index, follow, max-snippet:-1, max-image-preview:large, max-video-preview:-1\" \/>\n<link rel=\"canonical\" href=\"https:\/\/tenerife-living.com\/it\/politica-de-privacidad\/\" \/>\n<meta property=\"og:locale\" content=\"it_IT\" \/>\n<meta property=\"og:type\" content=\"article\" \/>\n<meta property=\"og:title\" content=\"Pol\u00edtica de privacidad - Tenerife Living\" \/>\n<meta property=\"og:url\" content=\"https:\/\/tenerife-living.com\/it\/politica-de-privacidad\/\" \/>\n<meta property=\"og:site_name\" content=\"Tenerife Living\" \/>\n<meta property=\"article:modified_time\" content=\"2025-10-16T06:03:49+00:00\" \/>\n<meta name=\"twitter:card\" content=\"summary_large_image\" \/>\n<meta name=\"twitter:label1\" content=\"Tempo di lettura stimato\" \/>\n\t<meta name=\"twitter:data1\" content=\"17 minuti\" \/>\n<script type=\"application\/ld+json\" class=\"yoast-schema-graph\">{\"@context\":\"https:\/\/schema.org\",\"@graph\":[{\"@type\":\"WebPage\",\"@id\":\"https:\/\/tenerife-living.com\/politica-de-privacidad\/\",\"url\":\"https:\/\/tenerife-living.com\/politica-de-privacidad\/\",\"name\":\"Pol\u00edtica de privacidad - Tenerife Living\",\"isPartOf\":{\"@id\":\"https:\/\/tenerife-living.com\/#website\"},\"datePublished\":\"2025-10-16T02:29:16+00:00\",\"dateModified\":\"2025-10-16T06:03:49+00:00\",\"breadcrumb\":{\"@id\":\"https:\/\/tenerife-living.com\/politica-de-privacidad\/#breadcrumb\"},\"inLanguage\":\"it-IT\",\"potentialAction\":[{\"@type\":\"ReadAction\",\"target\":[\"https:\/\/tenerife-living.com\/politica-de-privacidad\/\"]}]},{\"@type\":\"BreadcrumbList\",\"@id\":\"https:\/\/tenerife-living.com\/politica-de-privacidad\/#breadcrumb\",\"itemListElement\":[{\"@type\":\"ListItem\",\"position\":1,\"name\":\"Home\",\"item\":\"https:\/\/tenerife-living.com\/\"},{\"@type\":\"ListItem\",\"position\":2,\"name\":\"Pol\u00edtica de privacidad\"}]},{\"@type\":\"WebSite\",\"@id\":\"https:\/\/tenerife-living.com\/#website\",\"url\":\"https:\/\/tenerife-living.com\/\",\"name\":\"Tenerife Living\",\"description\":\"Tu alojamiento en Tenerife con alma canaria.\",\"potentialAction\":[{\"@type\":\"SearchAction\",\"target\":{\"@type\":\"EntryPoint\",\"urlTemplate\":\"https:\/\/tenerife-living.com\/?s={search_term_string}\"},\"query-input\":{\"@type\":\"PropertyValueSpecification\",\"valueRequired\":true,\"valueName\":\"search_term_string\"}}],\"inLanguage\":\"it-IT\"}]}<\/script>\n<!-- \/ Yoast SEO plugin. -->","yoast_head_json":{"title":"Pol\u00edtica de privacidad - Tenerife Living","robots":{"index":"index","follow":"follow","max-snippet":"max-snippet:-1","max-image-preview":"max-image-preview:large","max-video-preview":"max-video-preview:-1"},"canonical":"https:\/\/tenerife-living.com\/it\/politica-de-privacidad\/","og_locale":"it_IT","og_type":"article","og_title":"Pol\u00edtica de privacidad - Tenerife Living","og_url":"https:\/\/tenerife-living.com\/it\/politica-de-privacidad\/","og_site_name":"Tenerife Living","article_modified_time":"2025-10-16T06:03:49+00:00","twitter_card":"summary_large_image","twitter_misc":{"Tempo di lettura stimato":"17 minuti"},"schema":{"@context":"https:\/\/schema.org","@graph":[{"@type":"WebPage","@id":"https:\/\/tenerife-living.com\/politica-de-privacidad\/","url":"https:\/\/tenerife-living.com\/politica-de-privacidad\/","name":"Pol\u00edtica de privacidad - Tenerife Living","isPartOf":{"@id":"https:\/\/tenerife-living.com\/#website"},"datePublished":"2025-10-16T02:29:16+00:00","dateModified":"2025-10-16T06:03:49+00:00","breadcrumb":{"@id":"https:\/\/tenerife-living.com\/politica-de-privacidad\/#breadcrumb"},"inLanguage":"it-IT","potentialAction":[{"@type":"ReadAction","target":["https:\/\/tenerife-living.com\/politica-de-privacidad\/"]}]},{"@type":"BreadcrumbList","@id":"https:\/\/tenerife-living.com\/politica-de-privacidad\/#breadcrumb","itemListElement":[{"@type":"ListItem","position":1,"name":"Home","item":"https:\/\/tenerife-living.com\/"},{"@type":"ListItem","position":2,"name":"Pol\u00edtica de privacidad"}]},{"@type":"WebSite","@id":"https:\/\/tenerife-living.com\/#website","url":"https:\/\/tenerife-living.com\/","name":"Vivere a Tenerife","description":"Il vostro alloggio a Tenerife con un'anima canaria.","potentialAction":[{"@type":"SearchAction","target":{"@type":"EntryPoint","urlTemplate":"https:\/\/tenerife-living.com\/?s={search_term_string}"},"query-input":{"@type":"PropertyValueSpecification","valueRequired":true,"valueName":"search_term_string"}}],"inLanguage":"it-IT"}]}},"_links":{"self":[{"href":"https:\/\/tenerife-living.com\/it\/wp-json\/wp\/v2\/pages\/4349","targetHints":{"allow":["GET"]}}],"collection":[{"href":"https:\/\/tenerife-living.com\/it\/wp-json\/wp\/v2\/pages"}],"about":[{"href":"https:\/\/tenerife-living.com\/it\/wp-json\/wp\/v2\/types\/page"}],"author":[{"embeddable":true,"href":"https:\/\/tenerife-living.com\/it\/wp-json\/wp\/v2\/users\/1"}],"replies":[{"embeddable":true,"href":"https:\/\/tenerife-living.com\/it\/wp-json\/wp\/v2\/comments?post=4349"}],"version-history":[{"count":0,"href":"https:\/\/tenerife-living.com\/it\/wp-json\/wp\/v2\/pages\/4349\/revisions"}],"wp:attachment":[{"href":"https:\/\/tenerife-living.com\/it\/wp-json\/wp\/v2\/media?parent=4349"}],"curies":[{"name":"wp","href":"https:\/\/api.w.org\/{rel}","templated":true}]}}