{"id":4368,"date":"2025-10-16T06:08:38","date_gmt":"2025-10-16T06:08:38","guid":{"rendered":"https:\/\/tenerife-living.com\/?page_id=4368"},"modified":"2025-10-16T06:10:02","modified_gmt":"2025-10-16T06:10:02","slug":"aviso-legal","status":"publish","type":"page","link":"https:\/\/tenerife-living.com\/de\/aviso-legal\/","title":{"rendered":"Rechtlicher Hinweis"},"content":{"rendered":"<p><div class=\"fusion-fullwidth fullwidth-box fusion-builder-row-1 fusion-flex-container has-pattern-background has-mask-background nonhundred-percent-fullwidth non-hundred-percent-height-scrolling\" style=\"--awb-background-position:center bottom;--awb-background-position-small:right bottom;--awb-border-color:var(--awb-color2);--awb-border-radius-top-left:0px;--awb-border-radius-top-right:0px;--awb-border-radius-bottom-right:0px;--awb-border-radius-bottom-left:0px;--awb-min-height:550px;--awb-background-color:var(--awb-color4);--awb-background-size:contain;--awb-background-size-small:cover;--awb-flex-wrap:wrap;\" ><div class=\"fusion-builder-row fusion-row fusion-flex-align-items-center fusion-flex-align-content-center fusion-flex-justify-content-center fusion-flex-content-wrap\" style=\"max-width:1248px;margin-left: calc(-4% \/ 2 );margin-right: calc(-4% \/ 2 );\"><div class=\"fusion-layout-column fusion_builder_column fusion-builder-column-0 fusion_builder_column_1_1 1_1 fusion-flex-column\" style=\"--awb-bg-size:cover;--awb-width-large:100%;--awb-margin-top-large:0px;--awb-spacing-right-large:1.92%;--awb-margin-bottom-large:0px;--awb-spacing-left-large:1.92%;--awb-width-medium:100%;--awb-order-medium:0;--awb-spacing-right-medium:1.92%;--awb-spacing-left-medium:1.92%;--awb-width-small:100%;--awb-order-small:0;--awb-spacing-right-small:5vw;--awb-spacing-left-small:5vw;\"><div class=\"fusion-column-wrapper fusion-column-has-shadow fusion-flex-justify-content-flex-start fusion-content-layout-column\"><div class=\"fusion-title title fusion-title-1 fusion-sep-none fusion-title-center fusion-title-text fusion-title-size-one\" style=\"--awb-font-size:75px;\"><h1 class=\"fusion-title-heading title-heading-center fusion-responsive-typography-calculated\" style=\"font-family:var(--awb-typography1-font-family);font-weight:var(--awb-typography1-font-weight);font-style:var(--awb-typography1-font-style);margin:0;font-size:1em;letter-spacing:var(--awb-typography1-letter-spacing);text-transform:var(--awb-typography1-text-transform);--fontSize:75;line-height:var(--awb-typography1-line-height);\">Rechtlicher Hinweis<\/h1><\/div><\/div><\/div><\/div><\/div><div class=\"fusion-fullwidth fullwidth-box fusion-builder-row-2 fusion-flex-container has-pattern-background has-mask-background hundred-percent-fullwidth non-hundred-percent-height-scrolling\" style=\"--link_color: var(--awb-color4);--awb-border-sizes-top:1.5px;--awb-border-sizes-bottom:1.5px;--awb-border-sizes-left:1.5px;--awb-border-sizes-right:1.5px;--awb-border-color:var(--awb-color4);--awb-border-radius-top-left:0px;--awb-border-radius-top-right:0px;--awb-border-radius-bottom-right:0px;--awb-border-radius-bottom-left:0px;--awb-flex-wrap:wrap;\" ><div class=\"fusion-builder-row fusion-row fusion-flex-align-items-flex-start fusion-flex-justify-content-center fusion-flex-content-wrap\" style=\"width:104% !important;max-width:104% !important;margin-left: calc(-4% \/ 2 );margin-right: calc(-4% \/ 2 );\"><div class=\"fusion-layout-column fusion_builder_column fusion-builder-column-1 fusion_builder_column_2_3 2_3 fusion-flex-column\" style=\"--awb-padding-top:5vw;--awb-padding-right:2vw;--awb-padding-bottom:5vw;--awb-padding-left:2vw;--awb-padding-top-small:15vw;--awb-padding-bottom-small:15vw;--awb-bg-size:cover;--awb-width-large:66.666666666667%;--awb-margin-top-large:0px;--awb-spacing-right-large:100px;--awb-margin-bottom-large:20px;--awb-spacing-left-large:100px;--awb-width-medium:100%;--awb-order-medium:0;--awb-spacing-right-medium:100px;--awb-spacing-left-medium:100px;--awb-width-small:100%;--awb-order-small:0;--awb-spacing-right-small:1.92%;--awb-spacing-left-small:1.92%;\"><div class=\"fusion-column-wrapper fusion-column-has-shadow fusion-flex-justify-content-flex-start fusion-content-layout-column\"><div class=\"fusion-text fusion-text-1\" style=\"--awb-font-size:20px;--awb-line-height:var(--awb-typography4-line-height);--awb-letter-spacing:var(--awb-typography4-letter-spacing);--awb-text-transform:var(--awb-typography4-text-transform);--awb-text-color:var(--awb-custom_color_1);--awb-text-font-family:&quot;Outfit&quot;;--awb-text-font-style:normal;--awb-text-font-weight:300;\"><p>GGKDRD Inversiones Y Construcciones SL, mit CIF B38544730 und Adresse Camino La Sabina 52, Buen Paso - Icod de los Vinos 38430, Teneriffa, \u00fcbernimmt keine Verantwortung, die sich aus der falschen, unangemessenen oder unerlaubten Nutzung der Informationen, die auf der Internetseite www.tenerife-living.com erscheinen, ergibt.<\/p>\n<p>GGKDRD Inversiones Y Construcciones SL \u00fcbernimmt im Rahmen der gesetzlichen Bestimmungen keine Haftung f\u00fcr die mangelnde Richtigkeit, Vollst\u00e4ndigkeit, Aktualisierung und Genauigkeit der auf ihren Internetseiten enthaltenen Daten und Informationen. Die Inhalte und Informationen binden GGKDRD Inversiones Y Construcciones SL nicht und stellen auch keine Meinungen, Ratschl\u00e4ge oder Rechtsausk\u00fcnfte jeglicher Art dar, da es sich lediglich um einen Service zu Informationszwecken handelt.<\/p>\n<p>Die Internetseite www.tenerife-living.com kann Links zu anderen Seiten Dritter enthalten, auf die GGKDRD Inversiones Y Construcciones SL keinen Einfluss hat. Daher ist GGKDRD Inversiones Y Construcciones SL nicht verantwortlich f\u00fcr den Inhalt, der auf den Seiten Dritter erscheinen kann. Die Texte, Bilder, T\u00f6ne, Animationen, Software und andere Inhalte dieser Website sind das ausschlie\u00dfliche Eigentum von GGKDRD Inversiones Y Construcciones SL oder ihrer Lizenzgeber.<\/p>\n<p>Jegliche \u00dcbertragung, Verteilung, Weitergabe, Vervielf\u00e4ltigung, Speicherung oder vollst\u00e4ndige oder teilweise \u00f6ffentliche Bekanntmachung bedarf der ausdr\u00fccklichen Zustimmung von GGKDRD Inversiones Y Construcciones SL. Ebenso m\u00fcssen Sie f\u00fcr den Zugang zu einigen der Dienstleistungen, die GGKDRD Inversiones Y Construcciones SL \u00fcber die Website anbietet, einige pers\u00f6nliche Daten angeben.<\/p>\n<p>In \u00dcbereinstimmung mit den Bestimmungen der Verordnung (EU) 2016\/679 des Europ\u00e4ischen Parlaments und des Rates vom 27. April 2016 zum Schutz nat\u00fcrlicher Personen bei der Verarbeitung personenbezogener Daten und zum freien Datenverkehr informieren wir Sie dar\u00fcber, dass Ihre personenbezogenen Daten durch das Ausf\u00fcllen dieser Formulare in die Dateien von GGKDRD Inversiones Y Construcciones SL aufgenommen und verarbeitet werden, um Ihnen unsere Dienstleistungen anbieten zu k\u00f6nnen und Sie \u00fcber Verbesserungen der Website zu informieren. Wir informieren Sie auch \u00fcber die M\u00f6glichkeit, Ihre Rechte auf Zugang, Berichtigung, L\u00f6schung und Widerspruch zu Ihren pers\u00f6nlichen Daten auszu\u00fcben, und zwar kostenlos per E-Mail an info@tenerife-living.com oder an die Adresse Camino La Sabina 52 Buen Paso - Icod de los Vinos 38430 Teneriffa.<\/p>\n<p>Offizielle Website zur F\u00f6rderung des Tourismus auf den Kanarischen Inseln - Offizielle Website zur F\u00f6rderung des Tourismus auf Teneriffa - Asociaci\u00f3n Canaria de Alquileres Vacacionales ASCAV (Kanarischer Verband f\u00fcr Ferienvermietung)<\/p>\n<\/div><div class=\"fusion-separator fusion-full-width-sep\" style=\"align-self: center;margin-left: auto;margin-right: auto;margin-top:10px;margin-bottom:10px;width:100%;\"><\/div><\/div><\/div><\/div><\/div><\/p>","protected":false},"excerpt":{"rendered":"","protected":false},"author":1,"featured_media":0,"parent":0,"menu_order":0,"comment_status":"closed","ping_status":"closed","template":"100-width.php","meta":{"_acf_changed":false,"footnotes":""},"class_list":["post-4368","page","type-page","status-publish","hentry"],"acf":[],"yoast_head":"<!-- This site is optimized with the Yoast SEO plugin v26.2 - https:\/\/yoast.com\/wordpress\/plugins\/seo\/ -->\n<title>Aviso legal - Tenerife Living<\/title>\n<meta name=\"robots\" content=\"index, follow, max-snippet:-1, max-image-preview:large, max-video-preview:-1\" \/>\n<link rel=\"canonical\" href=\"https:\/\/tenerife-living.com\/de\/aviso-legal\/\" \/>\n<meta property=\"og:locale\" content=\"de_DE\" \/>\n<meta property=\"og:type\" content=\"article\" \/>\n<meta property=\"og:title\" content=\"Aviso legal - Tenerife Living\" \/>\n<meta property=\"og:url\" content=\"https:\/\/tenerife-living.com\/de\/aviso-legal\/\" \/>\n<meta property=\"og:site_name\" content=\"Tenerife Living\" \/>\n<meta property=\"article:modified_time\" content=\"2025-10-16T06:10:02+00:00\" \/>\n<meta name=\"twitter:card\" content=\"summary_large_image\" \/>\n<meta name=\"twitter:label1\" content=\"Gesch\u00e4tzte Lesezeit\" \/>\n\t<meta name=\"twitter:data1\" content=\"9\u00a0Minuten\" \/>\n<script type=\"application\/ld+json\" class=\"yoast-schema-graph\">{\"@context\":\"https:\/\/schema.org\",\"@graph\":[{\"@type\":\"WebPage\",\"@id\":\"https:\/\/tenerife-living.com\/aviso-legal\/\",\"url\":\"https:\/\/tenerife-living.com\/aviso-legal\/\",\"name\":\"Aviso legal - Tenerife Living\",\"isPartOf\":{\"@id\":\"https:\/\/tenerife-living.com\/#website\"},\"datePublished\":\"2025-10-16T06:08:38+00:00\",\"dateModified\":\"2025-10-16T06:10:02+00:00\",\"breadcrumb\":{\"@id\":\"https:\/\/tenerife-living.com\/aviso-legal\/#breadcrumb\"},\"inLanguage\":\"de\",\"potentialAction\":[{\"@type\":\"ReadAction\",\"target\":[\"https:\/\/tenerife-living.com\/aviso-legal\/\"]}]},{\"@type\":\"BreadcrumbList\",\"@id\":\"https:\/\/tenerife-living.com\/aviso-legal\/#breadcrumb\",\"itemListElement\":[{\"@type\":\"ListItem\",\"position\":1,\"name\":\"Home\",\"item\":\"https:\/\/tenerife-living.com\/\"},{\"@type\":\"ListItem\",\"position\":2,\"name\":\"Aviso legal\"}]},{\"@type\":\"WebSite\",\"@id\":\"https:\/\/tenerife-living.com\/#website\",\"url\":\"https:\/\/tenerife-living.com\/\",\"name\":\"Tenerife Living\",\"description\":\"Tu alojamiento en Tenerife con alma canaria.\",\"potentialAction\":[{\"@type\":\"SearchAction\",\"target\":{\"@type\":\"EntryPoint\",\"urlTemplate\":\"https:\/\/tenerife-living.com\/?s={search_term_string}\"},\"query-input\":{\"@type\":\"PropertyValueSpecification\",\"valueRequired\":true,\"valueName\":\"search_term_string\"}}],\"inLanguage\":\"de\"}]}<\/script>\n<!-- \/ Yoast SEO plugin. -->","yoast_head_json":{"title":"Rechtliche Hinweise - Tenerife Living","robots":{"index":"index","follow":"follow","max-snippet":"max-snippet:-1","max-image-preview":"max-image-preview:large","max-video-preview":"max-video-preview:-1"},"canonical":"https:\/\/tenerife-living.com\/de\/aviso-legal\/","og_locale":"de_DE","og_type":"article","og_title":"Aviso legal - Tenerife Living","og_url":"https:\/\/tenerife-living.com\/de\/aviso-legal\/","og_site_name":"Tenerife Living","article_modified_time":"2025-10-16T06:10:02+00:00","twitter_card":"summary_large_image","twitter_misc":{"Gesch\u00e4tzte Lesezeit":"9\u00a0Minuten"},"schema":{"@context":"https:\/\/schema.org","@graph":[{"@type":"WebPage","@id":"https:\/\/tenerife-living.com\/aviso-legal\/","url":"https:\/\/tenerife-living.com\/aviso-legal\/","name":"Rechtliche Hinweise - Tenerife Living","isPartOf":{"@id":"https:\/\/tenerife-living.com\/#website"},"datePublished":"2025-10-16T06:08:38+00:00","dateModified":"2025-10-16T06:10:02+00:00","breadcrumb":{"@id":"https:\/\/tenerife-living.com\/aviso-legal\/#breadcrumb"},"inLanguage":"de","potentialAction":[{"@type":"ReadAction","target":["https:\/\/tenerife-living.com\/aviso-legal\/"]}]},{"@type":"BreadcrumbList","@id":"https:\/\/tenerife-living.com\/aviso-legal\/#breadcrumb","itemListElement":[{"@type":"ListItem","position":1,"name":"Home","item":"https:\/\/tenerife-living.com\/"},{"@type":"ListItem","position":2,"name":"Aviso legal"}]},{"@type":"WebSite","@id":"https:\/\/tenerife-living.com\/#website","url":"https:\/\/tenerife-living.com\/","name":"Teneriffa Leben","description":"Ihre Unterkunft auf Teneriffa mit einer kanarischen Seele.","potentialAction":[{"@type":"SearchAction","target":{"@type":"EntryPoint","urlTemplate":"https:\/\/tenerife-living.com\/?s={search_term_string}"},"query-input":{"@type":"PropertyValueSpecification","valueRequired":true,"valueName":"search_term_string"}}],"inLanguage":"de"}]}},"_links":{"self":[{"href":"https:\/\/tenerife-living.com\/de\/wp-json\/wp\/v2\/pages\/4368","targetHints":{"allow":["GET"]}}],"collection":[{"href":"https:\/\/tenerife-living.com\/de\/wp-json\/wp\/v2\/pages"}],"about":[{"href":"https:\/\/tenerife-living.com\/de\/wp-json\/wp\/v2\/types\/page"}],"author":[{"embeddable":true,"href":"https:\/\/tenerife-living.com\/de\/wp-json\/wp\/v2\/users\/1"}],"replies":[{"embeddable":true,"href":"https:\/\/tenerife-living.com\/de\/wp-json\/wp\/v2\/comments?post=4368"}],"version-history":[{"count":0,"href":"https:\/\/tenerife-living.com\/de\/wp-json\/wp\/v2\/pages\/4368\/revisions"}],"wp:attachment":[{"href":"https:\/\/tenerife-living.com\/de\/wp-json\/wp\/v2\/media?parent=4368"}],"curies":[{"name":"wp","href":"https:\/\/api.w.org\/{rel}","templated":true}]}}