{"id":4365,"date":"2025-10-16T06:04:48","date_gmt":"2025-10-16T06:04:48","guid":{"rendered":"https:\/\/tenerife-living.com\/?page_id=4365"},"modified":"2025-10-16T06:07:32","modified_gmt":"2025-10-16T06:07:32","slug":"terminos-y-condiciones","status":"publish","type":"page","link":"https:\/\/tenerife-living.com\/de\/terminos-y-condiciones\/","title":{"rendered":"Bedingungen und Konditionen"},"content":{"rendered":"<p><div class=\"fusion-fullwidth fullwidth-box fusion-builder-row-1 fusion-flex-container has-pattern-background has-mask-background nonhundred-percent-fullwidth non-hundred-percent-height-scrolling\" style=\"--awb-background-position:center bottom;--awb-background-position-small:right bottom;--awb-border-color:var(--awb-color2);--awb-border-radius-top-left:0px;--awb-border-radius-top-right:0px;--awb-border-radius-bottom-right:0px;--awb-border-radius-bottom-left:0px;--awb-min-height:550px;--awb-background-color:var(--awb-color2);--awb-background-size:contain;--awb-background-size-small:cover;--awb-flex-wrap:wrap;\" ><div class=\"fusion-builder-row fusion-row fusion-flex-align-items-center fusion-flex-align-content-center fusion-flex-justify-content-center fusion-flex-content-wrap\" style=\"max-width:1248px;margin-left: calc(-4% \/ 2 );margin-right: calc(-4% \/ 2 );\"><div class=\"fusion-layout-column fusion_builder_column fusion-builder-column-0 fusion_builder_column_1_1 1_1 fusion-flex-column\" style=\"--awb-bg-size:cover;--awb-width-large:100%;--awb-margin-top-large:0px;--awb-spacing-right-large:1.92%;--awb-margin-bottom-large:20px;--awb-spacing-left-large:1.92%;--awb-width-medium:100%;--awb-order-medium:0;--awb-spacing-right-medium:1.92%;--awb-spacing-left-medium:1.92%;--awb-width-small:100%;--awb-order-small:0;--awb-spacing-right-small:5vw;--awb-spacing-left-small:5vw;\"><div class=\"fusion-column-wrapper fusion-column-has-shadow fusion-flex-justify-content-flex-start fusion-content-layout-column\"><div class=\"fusion-title title fusion-title-1 fusion-sep-none fusion-title-center fusion-title-text fusion-title-size-one\" style=\"--awb-font-size:75px;\"><h1 class=\"fusion-title-heading title-heading-center fusion-responsive-typography-calculated\" style=\"font-family:var(--awb-typography1-font-family);font-weight:var(--awb-typography1-font-weight);font-style:var(--awb-typography1-font-style);margin:0;font-size:1em;letter-spacing:var(--awb-typography1-letter-spacing);text-transform:var(--awb-typography1-text-transform);--fontSize:75;line-height:var(--awb-typography1-line-height);\">Bedingungen und Konditionen<\/h1><\/div><\/div><\/div><\/div><\/div><div class=\"fusion-fullwidth fullwidth-box fusion-builder-row-2 fusion-flex-container has-pattern-background has-mask-background hundred-percent-fullwidth non-hundred-percent-height-scrolling\" style=\"--awb-border-sizes-top:1.5px;--awb-border-sizes-bottom:1.5px;--awb-border-sizes-left:1.5px;--awb-border-sizes-right:1.5px;--awb-border-color:var(--awb-color7);--awb-border-radius-top-left:0px;--awb-border-radius-top-right:0px;--awb-border-radius-bottom-right:0px;--awb-border-radius-bottom-left:0px;--awb-flex-wrap:wrap;\" ><div class=\"fusion-builder-row fusion-row fusion-flex-align-items-flex-start fusion-flex-justify-content-center fusion-flex-content-wrap\" style=\"width:104% !important;max-width:104% !important;margin-left: calc(-4% \/ 2 );margin-right: calc(-4% \/ 2 );\"><div class=\"fusion-layout-column fusion_builder_column fusion-builder-column-1 fusion_builder_column_2_3 2_3 fusion-flex-column\" style=\"--awb-padding-top:5vw;--awb-padding-right:2vw;--awb-padding-bottom:5vw;--awb-padding-left:2vw;--awb-padding-top-small:15vw;--awb-padding-bottom-small:15vw;--awb-bg-size:cover;--awb-width-large:66.666666666667%;--awb-margin-top-large:0px;--awb-spacing-right-large:100px;--awb-margin-bottom-large:20px;--awb-spacing-left-large:100px;--awb-width-medium:100%;--awb-order-medium:0;--awb-spacing-right-medium:100px;--awb-spacing-left-medium:100px;--awb-width-small:100%;--awb-order-small:0;--awb-spacing-right-small:1.92%;--awb-spacing-left-small:1.92%;\"><div class=\"fusion-column-wrapper fusion-column-has-shadow fusion-flex-justify-content-flex-start fusion-content-layout-column\"><div class=\"fusion-text fusion-text-1\" style=\"--awb-font-size:20px;--awb-line-height:var(--awb-typography4-line-height);--awb-letter-spacing:var(--awb-typography4-letter-spacing);--awb-text-transform:var(--awb-typography4-text-transform);--awb-text-color:var(--awb-custom_color_1);--awb-text-font-family:&quot;Outfit&quot;;--awb-text-font-style:normal;--awb-text-font-weight:400;\"><ul><\/ul>\n<p>\u274f Einchecken ab 13:00 Uhr \/ Auschecken vor 11:00 Uhr<\/p>\n<p>Vorzeitige Abreise: Der entsprechende Betrag wird nicht zur\u00fcckerstattet.<\/p>\n<p>Bei Nichterscheinen wird der gesamte Buchungsbetrag in Rechnung gestellt.<\/p>\n<p>Sonderw\u00fcnsche f\u00fcr Kinderbetten, Hochst\u00fchle usw. sind abh\u00e4ngig von der Verf\u00fcgbarkeit bei der Ankunft.<\/p>\n<\/p>\n<p>Um Ihren Aufenthalt zu formalisieren, m\u00fcssen Sie zur Rezeption gehen:<\/p>\n<ul>\n<li>Um zu \u00fcberpr\u00fcfen, ob Sie derjenige sind, der Zugang zu den Einrichtungen der Anlage hat.<\/li>\n<li>Um den Schl\u00fcssel f\u00fcr Ihre Haust\u00fcr abzuholen.<\/li>\n<li>Um zus\u00e4tzliche Informationen \u00fcber Ihren Aufenthalt zu Hause zu erhalten.<\/li>\n<\/ul>\n<p>Tenerife Living haftet nicht f\u00fcr Geld, Wertsachen und andere G\u00fcter oder Gegenst\u00e4nde, die in Ihrem Fahrzeug oder in Ihrer Wohnung zur\u00fcckgelassen werden.<\/p>\n<p>Alle materiellen Sch\u00e4den an den Einrichtungen m\u00fcssen vor der Abreise an Tenerife Living in der von Tenerife Living festgelegten Gesamth\u00f6he bezahlt werden.<\/p>\n<p>Nur die reservierte(n) Person(en) d\u00fcrfen sich im Haus aufhalten.<\/p>\n<p>Tenerife Living beh\u00e4lt sich das Recht vor, jede Person in seine Einrichtungen aufzunehmen.<\/p>\n<p>\u274f Die Reservierung muss vor der Ankunft im Haus bezahlt werden.<\/p>\n<p>Im Falle des Todes eines Gastes benachrichtigt die Verwaltung von Tenerife Living das Ministerium f\u00fcr \u00f6ffentliche Angelegenheiten und stellt dem Ministerium f\u00fcr \u00f6ffentliche Angelegenheiten das Gep\u00e4ck des Verstorbenen zur Verf\u00fcgung.<\/p>\n<p>In den H\u00e4usern ist das Rauchen strengstens verboten.<\/p>\n<p>\u00dcberpr\u00fcfen Sie Ihre Unterkunft bei der Ankunft und melden Sie eventuelle Sch\u00e4den an der Rezeption. Bei der Abreise festgestellte Sch\u00e4den k\u00f6nnen durch Belastung Ihrer Kreditkarte ersetzt werden.<\/p>\n<p>Angesichts der aktuellen Gesundheitskrise, die durch COVID-19 verursacht wurde, sah sich diese Einrichtung gezwungen, eine Reihe von Ma\u00dfnahmen zu ergreifen, die sich aus der Anwendung der verschiedenen Nutzungsvorschriften ergeben. Im Rahmen dieser Ma\u00dfnahmen informieren wir Sie w\u00e4hrend des Buchungsvorgangs \u00fcber die Bedingungen, die Sie als Kunde bei der Nutzung der Gemeinschaftsbereiche, Aufz\u00fcge, Flure und anderer Serviceeinschr\u00e4nkungen gem\u00e4\u00df den geltenden Vorschriften einhalten m\u00fcssen. Alle diese Bedingungen sind in der Hausordnung der Einrichtung sowie in unserem EINLADUNGSRECHT enthalten und liegen in den Residenzen zu Ihrer Verf\u00fcgung. F\u00fcr Ihre Beratung und R\u00fcckruf jederzeit.<\/p>\n<p>Als KUNDE verpflichten Sie sich, die festgelegten Distanzierungsma\u00dfnahmen einzuhalten sowie die Mittel zu verwenden, die w\u00e4hrend Ihres Aufenthalts in der Einrichtung sowohl gesetzlich als auch nach dem von der Einrichtung genehmigten Hygieneprotokoll als obligatorisch oder empfohlen gelten. Als KUNDE \u00fcbernehmen Sie alle Konsequenzen, die sich aus der Nichteinhaltung der Pr\u00e4ventivma\u00dfnahmen ergeben und werden dar\u00fcber informiert. Die Nichteinhaltung kann zur sofortigen K\u00fcndigung Ihres Beherbergungsvertrags und zur Stornierung Ihres Aufenthalts ohne Anspruch auf R\u00fcckerstattung f\u00fchren.<\/p>\n<p>Sie sind dar\u00fcber informiert, dass im Falle eines Verdachts, eines positiven Ergebnisses oder eines direkten Kontakts mit Covid19 alle Kosten, die sich aus der Verl\u00e4ngerung Ihres Aufenthalts, dem Bedarf an zus\u00e4tzlichen Zimmern oder einem eventuell erforderlichen Sondertransport ergeben, von Ihnen zu tragen sind, es sei denn, Sie haben f\u00fcr sich oder einen Dritten eine Versicherung abgeschlossen, die diese Risiken und die damit verbundenen Kosten abdeckt, und die Kostenerstattung kann von dieser Versicherung abgeleitet werden.<\/p>\n<\/p>\n<p>Finca La Gaviota (Teneriffa Nord - Icod de los Vinos) - Gemeinschaftspool und Jacuzzi - REGELN UND VERANTWORTUNG<\/p>\n<p>Die Nutzungszeiten des Gemeinschaftspools und des Whirlpools sind von 08:00 bis 22:00 Uhr.<\/p>\n<p>Die alleinige Verantwortung liegt beim Badegast:<\/p>\n<ul>\n<li>Sch\u00e4den oder Unannehmlichkeiten, die durch die missbr\u00e4uchliche Nutzung der Einrichtungen entstanden sind oder entstehen.<\/li>\n<li>Jegliche Unannehmlichkeiten und\/oder Unannehmlichkeiten, die Dritten durch Ihre Bewegungen und\/oder Man\u00f6ver w\u00e4hrend des Badens entstehen.<\/li>\n<li>Eltern oder Erziehungsberechtigte sind f\u00fcr ihre Kinder und\/oder unterhaltsberechtigte Personen nach Ma\u00dfgabe der gesetzlichen Bestimmungen verantwortlich.<\/li>\n<\/ul>\n<p>Die Einrichtung kann die missbr\u00e4uchliche Nutzung des Gemeinschaftspools und des Whirlpools jederzeit unterbinden.<\/p>\n<\/p>\n<p>Sie haben das Vorstehende gelesen und verstanden und stimmen ihm zu.<\/p>\n<\/div><div class=\"fusion-separator fusion-full-width-sep\" style=\"align-self: center;margin-left: auto;margin-right: auto;margin-top:10px;margin-bottom:10px;width:100%;\"><\/div><\/div><\/div><\/div><\/div><\/p>","protected":false},"excerpt":{"rendered":"","protected":false},"author":1,"featured_media":0,"parent":0,"menu_order":0,"comment_status":"closed","ping_status":"closed","template":"100-width.php","meta":{"_acf_changed":false,"footnotes":""},"class_list":["post-4365","page","type-page","status-publish","hentry"],"acf":[],"yoast_head":"<!-- This site is optimized with the Yoast SEO plugin v26.2 - https:\/\/yoast.com\/wordpress\/plugins\/seo\/ -->\n<title>T\u00e9rminos y condiciones - Tenerife Living<\/title>\n<meta name=\"robots\" content=\"index, follow, max-snippet:-1, max-image-preview:large, max-video-preview:-1\" \/>\n<link rel=\"canonical\" href=\"https:\/\/tenerife-living.com\/de\/terminos-y-condiciones\/\" \/>\n<meta property=\"og:locale\" content=\"de_DE\" \/>\n<meta property=\"og:type\" content=\"article\" \/>\n<meta property=\"og:title\" content=\"T\u00e9rminos y condiciones - Tenerife Living\" \/>\n<meta property=\"og:url\" content=\"https:\/\/tenerife-living.com\/de\/terminos-y-condiciones\/\" \/>\n<meta property=\"og:site_name\" content=\"Tenerife Living\" \/>\n<meta property=\"article:modified_time\" content=\"2025-10-16T06:07:32+00:00\" \/>\n<meta name=\"twitter:card\" content=\"summary_large_image\" \/>\n<meta name=\"twitter:label1\" content=\"Gesch\u00e4tzte Lesezeit\" \/>\n\t<meta name=\"twitter:data1\" content=\"10\u00a0Minuten\" \/>\n<script type=\"application\/ld+json\" class=\"yoast-schema-graph\">{\"@context\":\"https:\/\/schema.org\",\"@graph\":[{\"@type\":\"WebPage\",\"@id\":\"https:\/\/tenerife-living.com\/terminos-y-condiciones\/\",\"url\":\"https:\/\/tenerife-living.com\/terminos-y-condiciones\/\",\"name\":\"T\u00e9rminos y condiciones - Tenerife Living\",\"isPartOf\":{\"@id\":\"https:\/\/tenerife-living.com\/#website\"},\"datePublished\":\"2025-10-16T06:04:48+00:00\",\"dateModified\":\"2025-10-16T06:07:32+00:00\",\"breadcrumb\":{\"@id\":\"https:\/\/tenerife-living.com\/terminos-y-condiciones\/#breadcrumb\"},\"inLanguage\":\"de\",\"potentialAction\":[{\"@type\":\"ReadAction\",\"target\":[\"https:\/\/tenerife-living.com\/terminos-y-condiciones\/\"]}]},{\"@type\":\"BreadcrumbList\",\"@id\":\"https:\/\/tenerife-living.com\/terminos-y-condiciones\/#breadcrumb\",\"itemListElement\":[{\"@type\":\"ListItem\",\"position\":1,\"name\":\"Home\",\"item\":\"https:\/\/tenerife-living.com\/\"},{\"@type\":\"ListItem\",\"position\":2,\"name\":\"T\u00e9rminos y condiciones\"}]},{\"@type\":\"WebSite\",\"@id\":\"https:\/\/tenerife-living.com\/#website\",\"url\":\"https:\/\/tenerife-living.com\/\",\"name\":\"Tenerife Living\",\"description\":\"Tu alojamiento en Tenerife con alma canaria.\",\"potentialAction\":[{\"@type\":\"SearchAction\",\"target\":{\"@type\":\"EntryPoint\",\"urlTemplate\":\"https:\/\/tenerife-living.com\/?s={search_term_string}\"},\"query-input\":{\"@type\":\"PropertyValueSpecification\",\"valueRequired\":true,\"valueName\":\"search_term_string\"}}],\"inLanguage\":\"de\"}]}<\/script>\n<!-- \/ Yoast SEO plugin. -->","yoast_head_json":{"title":"Bedingungen und Konditionen - Tenerife Living","robots":{"index":"index","follow":"follow","max-snippet":"max-snippet:-1","max-image-preview":"max-image-preview:large","max-video-preview":"max-video-preview:-1"},"canonical":"https:\/\/tenerife-living.com\/de\/terminos-y-condiciones\/","og_locale":"de_DE","og_type":"article","og_title":"T\u00e9rminos y condiciones - Tenerife Living","og_url":"https:\/\/tenerife-living.com\/de\/terminos-y-condiciones\/","og_site_name":"Tenerife Living","article_modified_time":"2025-10-16T06:07:32+00:00","twitter_card":"summary_large_image","twitter_misc":{"Gesch\u00e4tzte Lesezeit":"10\u00a0Minuten"},"schema":{"@context":"https:\/\/schema.org","@graph":[{"@type":"WebPage","@id":"https:\/\/tenerife-living.com\/terminos-y-condiciones\/","url":"https:\/\/tenerife-living.com\/terminos-y-condiciones\/","name":"Bedingungen und Konditionen - Tenerife Living","isPartOf":{"@id":"https:\/\/tenerife-living.com\/#website"},"datePublished":"2025-10-16T06:04:48+00:00","dateModified":"2025-10-16T06:07:32+00:00","breadcrumb":{"@id":"https:\/\/tenerife-living.com\/terminos-y-condiciones\/#breadcrumb"},"inLanguage":"de","potentialAction":[{"@type":"ReadAction","target":["https:\/\/tenerife-living.com\/terminos-y-condiciones\/"]}]},{"@type":"BreadcrumbList","@id":"https:\/\/tenerife-living.com\/terminos-y-condiciones\/#breadcrumb","itemListElement":[{"@type":"ListItem","position":1,"name":"Home","item":"https:\/\/tenerife-living.com\/"},{"@type":"ListItem","position":2,"name":"T\u00e9rminos y condiciones"}]},{"@type":"WebSite","@id":"https:\/\/tenerife-living.com\/#website","url":"https:\/\/tenerife-living.com\/","name":"Teneriffa Leben","description":"Ihre Unterkunft auf Teneriffa mit einer kanarischen Seele.","potentialAction":[{"@type":"SearchAction","target":{"@type":"EntryPoint","urlTemplate":"https:\/\/tenerife-living.com\/?s={search_term_string}"},"query-input":{"@type":"PropertyValueSpecification","valueRequired":true,"valueName":"search_term_string"}}],"inLanguage":"de"}]}},"_links":{"self":[{"href":"https:\/\/tenerife-living.com\/de\/wp-json\/wp\/v2\/pages\/4365","targetHints":{"allow":["GET"]}}],"collection":[{"href":"https:\/\/tenerife-living.com\/de\/wp-json\/wp\/v2\/pages"}],"about":[{"href":"https:\/\/tenerife-living.com\/de\/wp-json\/wp\/v2\/types\/page"}],"author":[{"embeddable":true,"href":"https:\/\/tenerife-living.com\/de\/wp-json\/wp\/v2\/users\/1"}],"replies":[{"embeddable":true,"href":"https:\/\/tenerife-living.com\/de\/wp-json\/wp\/v2\/comments?post=4365"}],"version-history":[{"count":0,"href":"https:\/\/tenerife-living.com\/de\/wp-json\/wp\/v2\/pages\/4365\/revisions"}],"wp:attachment":[{"href":"https:\/\/tenerife-living.com\/de\/wp-json\/wp\/v2\/media?parent=4365"}],"curies":[{"name":"wp","href":"https:\/\/api.w.org\/{rel}","templated":true}]}}