{"id":4356,"date":"2025-10-16T03:03:21","date_gmt":"2025-10-16T03:03:21","guid":{"rendered":"https:\/\/tenerife-living.com\/?page_id=4356"},"modified":"2025-10-16T03:03:21","modified_gmt":"2025-10-16T03:03:21","slug":"cookies","status":"publish","type":"page","link":"https:\/\/tenerife-living.com\/de\/cookies\/","title":{"rendered":"Cookies-Politik"},"content":{"rendered":"<p><div class=\"fusion-fullwidth fullwidth-box fusion-builder-row-1 fusion-flex-container has-pattern-background has-mask-background nonhundred-percent-fullwidth non-hundred-percent-height-scrolling\" style=\"--awb-background-position:center bottom;--awb-background-position-small:right bottom;--awb-border-color:var(--awb-color2);--awb-border-radius-top-left:0px;--awb-border-radius-top-right:0px;--awb-border-radius-bottom-right:0px;--awb-border-radius-bottom-left:0px;--awb-min-height:550px;--awb-background-color:var(--awb-color7);--awb-background-image:linear-gradient(180deg, rgba(60,108,237,0.9) 0%,rgba(14,204,235,0.03) 63%);--awb-background-size:contain;--awb-background-size-small:cover;--awb-flex-wrap:wrap;\" ><div class=\"fusion-builder-row fusion-row fusion-flex-align-items-center fusion-flex-align-content-center fusion-flex-justify-content-center fusion-flex-content-wrap\" style=\"max-width:1248px;margin-left: calc(-4% \/ 2 );margin-right: calc(-4% \/ 2 );\"><div class=\"fusion-layout-column fusion_builder_column fusion-builder-column-0 fusion_builder_column_1_1 1_1 fusion-flex-column\" style=\"--awb-bg-size:cover;--awb-width-large:100%;--awb-margin-top-large:0px;--awb-spacing-right-large:1.92%;--awb-margin-bottom-large:20px;--awb-spacing-left-large:1.92%;--awb-width-medium:100%;--awb-order-medium:0;--awb-spacing-right-medium:1.92%;--awb-spacing-left-medium:1.92%;--awb-width-small:100%;--awb-order-small:0;--awb-spacing-right-small:5vw;--awb-spacing-left-small:5vw;\"><div class=\"fusion-column-wrapper fusion-column-has-shadow fusion-flex-justify-content-flex-start fusion-content-layout-column\"><div class=\"fusion-title title fusion-title-1 fusion-sep-none fusion-title-center fusion-title-text fusion-title-size-one\" style=\"--awb-font-size:75px;\"><h1 class=\"fusion-title-heading title-heading-center fusion-responsive-typography-calculated\" style=\"font-family:var(--awb-typography1-font-family);font-weight:var(--awb-typography1-font-weight);font-style:var(--awb-typography1-font-style);margin:0;font-size:1em;letter-spacing:var(--awb-typography1-letter-spacing);text-transform:var(--awb-typography1-text-transform);--fontSize:75;line-height:var(--awb-typography1-line-height);\">Cookies-Politik<\/h1><\/div><div class=\"fusion-title title fusion-title-2 fusion-sep-none fusion-title-center fusion-title-text fusion-title-size-one\" style=\"--awb-text-color:var(--awb-color1);--awb-margin-top:-10px;--awb-font-size:35px;\"><h1 class=\"fusion-title-heading title-heading-center fusion-responsive-typography-calculated\" style=\"font-family:&quot;Outfit&quot;;font-style:normal;font-weight:400;margin:0;font-size:1em;letter-spacing:var(--awb-typography4-letter-spacing);text-transform:var(--awb-typography4-text-transform);--fontSize:35;line-height:1;\">Was sind Cookies?<\/h1><\/div><\/div><\/div><\/div><\/div><div class=\"fusion-fullwidth fullwidth-box fusion-builder-row-2 fusion-flex-container has-pattern-background has-mask-background hundred-percent-fullwidth non-hundred-percent-height-scrolling\" style=\"--awb-border-sizes-top:1.5px;--awb-border-sizes-bottom:1.5px;--awb-border-sizes-left:1.5px;--awb-border-sizes-right:1.5px;--awb-border-color:var(--awb-color7);--awb-border-radius-top-left:0px;--awb-border-radius-top-right:0px;--awb-border-radius-bottom-right:0px;--awb-border-radius-bottom-left:0px;--awb-flex-wrap:wrap;\" ><div class=\"fusion-builder-row fusion-row fusion-flex-align-items-flex-start fusion-flex-justify-content-center fusion-flex-content-wrap\" style=\"width:104% !important;max-width:104% !important;margin-left: calc(-4% \/ 2 );margin-right: calc(-4% \/ 2 );\"><div class=\"fusion-layout-column fusion_builder_column fusion-builder-column-1 fusion_builder_column_2_3 2_3 fusion-flex-column\" style=\"--awb-padding-top:5vw;--awb-padding-right:2vw;--awb-padding-bottom:5vw;--awb-padding-left:2vw;--awb-padding-top-small:15vw;--awb-padding-bottom-small:15vw;--awb-bg-size:cover;--awb-width-large:66.666666666667%;--awb-margin-top-large:0px;--awb-spacing-right-large:100px;--awb-margin-bottom-large:20px;--awb-spacing-left-large:100px;--awb-width-medium:100%;--awb-order-medium:0;--awb-spacing-right-medium:100px;--awb-spacing-left-medium:100px;--awb-width-small:100%;--awb-order-small:0;--awb-spacing-right-small:1.92%;--awb-spacing-left-small:1.92%;\"><div class=\"fusion-column-wrapper fusion-column-has-shadow fusion-flex-justify-content-flex-start fusion-content-layout-column\"><div class=\"fusion-text fusion-text-1\" style=\"--awb-font-size:20px;--awb-line-height:var(--awb-typography4-line-height);--awb-letter-spacing:var(--awb-typography4-letter-spacing);--awb-text-transform:var(--awb-typography4-text-transform);--awb-text-color:var(--awb-custom_color_1);--awb-text-font-family:&quot;Outfit&quot;;--awb-text-font-style:normal;--awb-text-font-weight:400;\"><p>Ein Cookie ist eine kleine Textdatei, die auf Ihrem Computer gespeichert wird, wenn Sie Websites besuchen, die Cookies verwenden. Ein Cookie enth\u00e4lt Informationen, die es Websites erm\u00f6glichen, Ihren Computer zu erkennen und verschiedene Funktionen auszuf\u00fchren, wie z. B. die Aufzeichnung der von Ihnen besuchten Seiten oder die Speicherung Ihrer Pr\u00e4ferenzen, um Ihr Surferlebnis zu personalisieren. Cookies werden \u00fcber Ihren Webbrowser (z. B. Internet Explorer, Firefox oder Safari) gespeichert und sind auf der Website selbst nicht sichtbar.<\/p>\n<p>Bei Cookies kann es sich um Erstanbieter-Cookies handeln, d. h. sie werden von einer Organisation auf ihrer eigenen Website verwendet, oder um Drittanbieter-Cookies, d. h. sie werden von einer Organisation auf der Website einer anderen Organisation verwendet. Einige Cookies sind Sitzungscookies und werden von Ihrem Computer gel\u00f6scht, wenn Sie Ihren Browser schlie\u00dfen. Dauerhafte Cookies werden nach einer bestimmten Zeit nicht automatisch gel\u00f6scht. Im Folgenden informieren wir Sie \u00fcber die von uns verwendeten Cookies und heben hervor, welche Cookies Erstanbieter- und Drittanbieter-Cookies sind.<\/p>\n<p>F\u00fcr weitere allgemeine Informationen \u00fcber Cookies besuchen Sie bitte: www.allaboutcookies.org. .<\/p>\n<\/div><div class=\"fusion-separator fusion-full-width-sep\" style=\"align-self: center;margin-left: auto;margin-right: auto;margin-top:10px;margin-bottom:10px;width:100%;\"><\/div><div class=\"fusion-title title fusion-title-3 fusion-sep-none fusion-title-center fusion-title-text fusion-title-size-one\" style=\"--awb-text-color:var(--awb-color7);--awb-margin-top:-10px;--awb-font-size:30px;\"><h1 class=\"fusion-title-heading title-heading-center fusion-responsive-typography-calculated\" style=\"font-family:&quot;Outfit&quot;;font-style:normal;font-weight:var(--awb-typography4);margin:0;font-size:1em;letter-spacing:var(--awb-typography4-letter-spacing);text-transform:var(--awb-typography4-text-transform);--fontSize:30;line-height:1;\"><div style=\"text-align: left;\">Wie wir Cookies verwenden:<\/div><\/h1><\/div><div class=\"fusion-text fusion-text-2\" style=\"--awb-font-size:20px;--awb-line-height:var(--awb-typography4-line-height);--awb-letter-spacing:var(--awb-typography4-letter-spacing);--awb-text-transform:var(--awb-typography4-text-transform);--awb-text-color:var(--awb-custom_color_1);--awb-text-font-family:var(--awb-typography4-font-family);--awb-text-font-weight:var(--awb-typography4-font-weight);--awb-text-font-style:var(--awb-typography4-font-style);\"><p><span style=\"background-color: rgba(0, 0, 0, 0);\">Wir verwenden eine Vielzahl von Cookies, um verschiedene Funktionen zu erf\u00fcllen, von der Erinnerung daran, dass Sie bei einem bestimmten Online-Dienst angemeldet sind, bis zur Verfolgung Ihrer Nutzung unserer Websites. Im Falle der Nachverfolgung verwenden wir diese Informationen, um die Benutzerfreundlichkeit und Leistung unserer Websites und Online-Dienste zu verbessern, und es werden keine personenbezogenen Daten aufgezeichnet.<\/span><\/p>\n<p>Durch die Nutzung und das Surfen auf unseren Websites erkl\u00e4ren Sie sich mit der Verwendung von Cookies in \u00dcbereinstimmung mit unserer Politik einverstanden. Wenn Sie damit nicht einverstanden sind, sollten Sie Cookies deaktivieren oder von der Nutzung der Website absehen.<\/p>\n<p>Erstanbieter-Cookies.<\/p>\n<\/div><div class=\"fusion-title title fusion-title-4 fusion-sep-none fusion-title-text fusion-title-size-one\" style=\"--awb-text-color:var(--awb-color7);--awb-margin-top:-10px;--awb-font-size:30px;\"><h1 class=\"fusion-title-heading title-heading-left fusion-responsive-typography-calculated\" style=\"font-family:&quot;Outfit&quot;;font-style:normal;font-weight:400;margin:0;font-size:1em;letter-spacing:var(--awb-typography4-letter-spacing);text-transform:var(--awb-typography4-text-transform);--fontSize:30;line-height:1;\">In der folgenden Tabelle sind die von uns verwendeten Erstanbieter-Cookies und ihr Zweck aufgef\u00fchrt:<\/h1><\/div>\n<div class=\"table-1\">\n<p>&nbsp;<\/p>\n<table width=\"100%\">\n<thead>\n<tr>\n<th align=\"left\">Name des Cookies oder des Dienstes<\/th>\n<th align=\"left\"><b>Ziel<\/b><\/th>\n<th align=\"left\"><b>Weitere Informationen<\/b><\/th>\n<\/tr>\n<\/thead>\n<tbody>\n<tr>\n<td align=\"left\"><span style=\"font-weight: 400;\">Google Analytics<\/span><\/td>\n<td align=\"left\"><span style=\"font-weight: 400;\">Der Dienst Google Analytics verwendet diese Cookies, um Informationen dar\u00fcber zu sammeln, wie Besucher unsere Website nutzen. Wir verwenden diese Informationen, um Berichte zusammenzustellen und die Website zu verbessern. Die Cookies sammeln Informationen in anonymer Form, einschlie\u00dflich der Anzahl der Besucher, woher die Besucher auf die Website gekommen sind und welche Seiten sie besucht haben.<\/span><\/td>\n<td align=\"left\"><a href=\"http:\/\/www.google.co.uk\/intl\/en\/analytics\/privacyoverview.html\"><span style=\"font-weight: 400;\">\u00dcberblick \u00fcber den Datenschutz bei Google<\/span><\/a><\/td>\n<\/tr>\n<tr>\n<td align=\"left\"><span style=\"font-weight: 400;\">lt Cookie-Richtlinie<\/span><\/td>\n<td align=\"left\"><span style=\"font-weight: 400;\">Dieser Cookie wird verwendet, um Sie als fr\u00fcheren Besucher zu identifizieren. Dadurch wird verhindert, dass bei jedem Besuch unserer Website das Banner mit der Cookie-Richtlinie angezeigt wird. Dies ist ein funktionaler Cookie, der keine pers\u00f6nlichen Informationen enth\u00e4lt.<\/span><\/td>\n<td align=\"left\">&nbsp;<\/td>\n<\/tr>\n<\/tbody>\n<\/table>\n<\/div>\n<div class=\"fusion-title title fusion-title-5 fusion-sep-none fusion-title-text fusion-title-size-one\" style=\"--awb-text-color:var(--awb-color7);--awb-margin-top:50px;--awb-font-size:30px;\"><h1 class=\"fusion-title-heading title-heading-left fusion-responsive-typography-calculated\" style=\"font-family:&quot;Outfit&quot;;font-style:normal;font-weight:400;margin:0;font-size:1em;letter-spacing:var(--awb-typography4-letter-spacing);text-transform:var(--awb-typography4-text-transform);--fontSize:30;line-height:1;\">Cookies von Dritten<\/h1><\/div><div class=\"fusion-text fusion-text-3\" style=\"--awb-font-size:20px;--awb-line-height:var(--awb-typography4-line-height);--awb-letter-spacing:var(--awb-typography4-letter-spacing);--awb-text-transform:var(--awb-typography4-text-transform);--awb-text-color:var(--awb-custom_color_1);--awb-text-font-family:var(--awb-typography4-font-family);--awb-text-font-weight:var(--awb-typography4-font-weight);--awb-text-font-style:var(--awb-typography4-font-style);\"><p><span style=\"background-color: rgba(0, 0, 0, 0);\">Wenn Sie unsere Websites besuchen, werden einige Cookies gesetzt, die nicht mit uns in Verbindung stehen; diese werden als Cookies von Dritten bezeichnet. Wenn Sie eine Seite besuchen, die eingebettete Inhalte enth\u00e4lt, z. B. von YouTube, werden Ihnen m\u00f6glicherweise Cookies von diesen Websites gesendet. Wir haben keine Kontrolle \u00fcber das Setzen dieser Cookies, daher empfehlen wir Ihnen, sich auf den Websites der Drittanbieter \u00fcber deren Cookies und deren Verwaltung zu informieren. \u00bf<\/span><\/p>\n<p><b>Wie kann ich Cookies kontrollieren?<\/b><\/p>\n<p>Die meisten Webbrowser akzeptieren Cookies automatisch, aber Sie k\u00f6nnen Ihre Browsereinstellungen so \u00e4ndern, dass alle Cookies abgelehnt werden, dass nur Cookies von \u00abvertrauensw\u00fcrdigen\u00bb Websites zugelassen werden oder dass nur Cookies von Websites akzeptiert werden, auf denen Sie sich gerade befinden. Folgen Sie den nachstehenden Anweisungen f\u00fcr die g\u00e4ngigsten Webbrowser, um dies zu tun.<\/p>\n<p>Hinweis: Wir empfehlen Ihnen nicht, Cookies abzulehnen, da dies dazu f\u00fchren kann, dass einige Funktionen unserer Websites und Online-Dienste nicht ordnungsgem\u00e4\u00df oder so funktionieren, wie sie sollten. Wenn eine Website beispielsweise nicht erkennen kann, ob Sie angemeldet sind, ohne Cookies zu verwenden, k\u00f6nnen Sie auf bestimmte Informationen nicht zugreifen oder einen bestimmten Dienst nicht nutzen.<\/p>\n<p><span style=\"background-color: rgba(0, 0, 0, 0);\"><b>Microsoft Internet Explorer:<\/b><br \/><\/span><span style=\"background-color: rgba(0, 0, 0, 0);\">W\u00e4hlen Sie das Men\u00fc \u201cExtras\u201d und dann \u201cInternetoptionen\u201d.<br \/><\/span><span style=\"background-color: rgba(0, 0, 0, 0);\">Klicken Sie auf die Registerkarte \u201cDatenschutz\u201d.\u201d<br \/><\/span><span style=\"background-color: rgba(0, 0, 0, 0);\">W\u00e4hlen Sie die entsprechende Konfiguration<\/span><\/p>\n<p><b>Mozilla Firefox:<\/b><br \/><span style=\"background-color: rgba(0, 0, 0, 0);\">W\u00e4hlen Sie das Men\u00fc \u201cExtras\u201d und dann \u201cOptionen\u201d.\u201d<br \/><\/span><span style=\"background-color: rgba(0, 0, 0, 0);\">Klicken Sie auf das Symbol \u201cDatenschutz\u201d.\u201d<br \/><\/span><span style=\"background-color: rgba(0, 0, 0, 0);\">W\u00e4hlen Sie die entsprechenden Optionen unter \u201cVerlauf\u201d.\u201d<\/span><\/p>\n<p><b>Opera 6.0 und h\u00f6her:<\/b><br \/><span style=\"background-color: rgba(0, 0, 0, 0);\">W\u00e4hlen Sie die Option \u201cMen\u00fc\u201d in der oberen linken Ecke.<br \/><\/span><span style=\"background-color: rgba(0, 0, 0, 0);\">Klicken Sie auf \u201cEinstellungen\u201d.\u201d<br \/><\/span><span style=\"background-color: rgba(0, 0, 0, 0);\">Klicken Sie auf \u201cVoreinstellungen\u201d.\u201d<br \/><\/span><span style=\"background-color: rgba(0, 0, 0, 0);\">Klicken Sie auf die Registerkarte \u201cErweitert\u201d.\u201d<br \/><\/span><span style=\"background-color: rgba(0, 0, 0, 0);\">Klicken Sie auf die Option \u201cCookies\u201d auf der linken Seite.<br \/><\/span><span style=\"background-color: rgba(0, 0, 0, 0);\">W\u00e4hlen Sie die entsprechenden Optionen<\/span><\/p>\n<p><b>Safari:<\/b><br \/><span style=\"background-color: rgba(0, 0, 0, 0);\">W\u00e4hlen Sie das Zahnradsymbol in der oberen linken Ecke<br \/><\/span><span style=\"background-color: rgba(0, 0, 0, 0);\">Klicken Sie auf \u201cVoreinstellungen\u201d.\u201d<br \/><\/span><span style=\"background-color: rgba(0, 0, 0, 0);\">Klicken Sie auf die Option \u201cDatenschutz\u201d.\u201d<br \/><\/span><span style=\"background-color: rgba(0, 0, 0, 0);\">W\u00e4hlen Sie die entsprechenden Optionen<\/span><\/p>\n<p>Weitere Informationen finden Sie auf der Website www.aboutcookies.org, auf der Sie erfahren, wie Sie Cookies mithilfe der in Ihrem Webbrowser verf\u00fcgbaren Optionen kontrollieren und l\u00f6schen k\u00f6nnen.<\/p>\n<p><b>Wo kann ich weitere Informationen erhalten?<\/b><\/p>\n<p>Wenn Sie Fragen zur Verwendung von Cookies oder anderen Technologien haben, senden Sie uns bitte eine E-Mail an info@tenerife-living.com.<\/p>\n<p>Offizielle Website zur F\u00f6rderung des Tourismus auf den Kanarischen Inseln - Offizielle Website zur F\u00f6rderung des Tourismus auf Teneriffa - Asociaci\u00f3n Canaria de Alquileres Vacacionales ASCAV (Kanarischer Verband f\u00fcr Ferienvermietung)<\/p>\n<\/div><\/div><\/div><\/div><\/div><\/p>","protected":false},"excerpt":{"rendered":"","protected":false},"author":1,"featured_media":0,"parent":0,"menu_order":0,"comment_status":"closed","ping_status":"closed","template":"100-width.php","meta":{"_acf_changed":false,"footnotes":""},"class_list":["post-4356","page","type-page","status-publish","hentry"],"acf":[],"yoast_head":"<!-- This site is optimized with the Yoast SEO plugin v26.2 - https:\/\/yoast.com\/wordpress\/plugins\/seo\/ -->\n<title>Pol\u00edtica de cookies - Tenerife Living<\/title>\n<meta name=\"robots\" content=\"index, follow, max-snippet:-1, max-image-preview:large, max-video-preview:-1\" \/>\n<link rel=\"canonical\" href=\"https:\/\/tenerife-living.com\/de\/cookies\/\" \/>\n<meta property=\"og:locale\" content=\"de_DE\" \/>\n<meta property=\"og:type\" content=\"article\" \/>\n<meta property=\"og:title\" content=\"Pol\u00edtica de cookies - Tenerife Living\" \/>\n<meta property=\"og:url\" content=\"https:\/\/tenerife-living.com\/de\/cookies\/\" \/>\n<meta property=\"og:site_name\" content=\"Tenerife Living\" \/>\n<meta name=\"twitter:card\" content=\"summary_large_image\" \/>\n<meta name=\"twitter:label1\" content=\"Gesch\u00e4tzte Lesezeit\" \/>\n\t<meta name=\"twitter:data1\" content=\"15\u00a0Minuten\" \/>\n<script type=\"application\/ld+json\" class=\"yoast-schema-graph\">{\"@context\":\"https:\/\/schema.org\",\"@graph\":[{\"@type\":\"WebPage\",\"@id\":\"https:\/\/tenerife-living.com\/cookies\/\",\"url\":\"https:\/\/tenerife-living.com\/cookies\/\",\"name\":\"Pol\u00edtica de cookies - Tenerife Living\",\"isPartOf\":{\"@id\":\"https:\/\/tenerife-living.com\/#website\"},\"datePublished\":\"2025-10-16T03:03:21+00:00\",\"breadcrumb\":{\"@id\":\"https:\/\/tenerife-living.com\/cookies\/#breadcrumb\"},\"inLanguage\":\"de\",\"potentialAction\":[{\"@type\":\"ReadAction\",\"target\":[\"https:\/\/tenerife-living.com\/cookies\/\"]}]},{\"@type\":\"BreadcrumbList\",\"@id\":\"https:\/\/tenerife-living.com\/cookies\/#breadcrumb\",\"itemListElement\":[{\"@type\":\"ListItem\",\"position\":1,\"name\":\"Home\",\"item\":\"https:\/\/tenerife-living.com\/\"},{\"@type\":\"ListItem\",\"position\":2,\"name\":\"Pol\u00edtica de cookies\"}]},{\"@type\":\"WebSite\",\"@id\":\"https:\/\/tenerife-living.com\/#website\",\"url\":\"https:\/\/tenerife-living.com\/\",\"name\":\"Tenerife Living\",\"description\":\"Tu alojamiento en Tenerife con alma canaria.\",\"potentialAction\":[{\"@type\":\"SearchAction\",\"target\":{\"@type\":\"EntryPoint\",\"urlTemplate\":\"https:\/\/tenerife-living.com\/?s={search_term_string}\"},\"query-input\":{\"@type\":\"PropertyValueSpecification\",\"valueRequired\":true,\"valueName\":\"search_term_string\"}}],\"inLanguage\":\"de\"}]}<\/script>\n<!-- \/ Yoast SEO plugin. -->","yoast_head_json":{"title":"Cookies-Richtlinie - Tenerife Living","robots":{"index":"index","follow":"follow","max-snippet":"max-snippet:-1","max-image-preview":"max-image-preview:large","max-video-preview":"max-video-preview:-1"},"canonical":"https:\/\/tenerife-living.com\/de\/cookies\/","og_locale":"de_DE","og_type":"article","og_title":"Pol\u00edtica de cookies - Tenerife Living","og_url":"https:\/\/tenerife-living.com\/de\/cookies\/","og_site_name":"Tenerife Living","twitter_card":"summary_large_image","twitter_misc":{"Gesch\u00e4tzte Lesezeit":"15\u00a0Minuten"},"schema":{"@context":"https:\/\/schema.org","@graph":[{"@type":"WebPage","@id":"https:\/\/tenerife-living.com\/cookies\/","url":"https:\/\/tenerife-living.com\/cookies\/","name":"Cookies-Richtlinie - Tenerife Living","isPartOf":{"@id":"https:\/\/tenerife-living.com\/#website"},"datePublished":"2025-10-16T03:03:21+00:00","breadcrumb":{"@id":"https:\/\/tenerife-living.com\/cookies\/#breadcrumb"},"inLanguage":"de","potentialAction":[{"@type":"ReadAction","target":["https:\/\/tenerife-living.com\/cookies\/"]}]},{"@type":"BreadcrumbList","@id":"https:\/\/tenerife-living.com\/cookies\/#breadcrumb","itemListElement":[{"@type":"ListItem","position":1,"name":"Home","item":"https:\/\/tenerife-living.com\/"},{"@type":"ListItem","position":2,"name":"Pol\u00edtica de cookies"}]},{"@type":"WebSite","@id":"https:\/\/tenerife-living.com\/#website","url":"https:\/\/tenerife-living.com\/","name":"Teneriffa Leben","description":"Ihre Unterkunft auf Teneriffa mit einer kanarischen Seele.","potentialAction":[{"@type":"SearchAction","target":{"@type":"EntryPoint","urlTemplate":"https:\/\/tenerife-living.com\/?s={search_term_string}"},"query-input":{"@type":"PropertyValueSpecification","valueRequired":true,"valueName":"search_term_string"}}],"inLanguage":"de"}]}},"_links":{"self":[{"href":"https:\/\/tenerife-living.com\/de\/wp-json\/wp\/v2\/pages\/4356","targetHints":{"allow":["GET"]}}],"collection":[{"href":"https:\/\/tenerife-living.com\/de\/wp-json\/wp\/v2\/pages"}],"about":[{"href":"https:\/\/tenerife-living.com\/de\/wp-json\/wp\/v2\/types\/page"}],"author":[{"embeddable":true,"href":"https:\/\/tenerife-living.com\/de\/wp-json\/wp\/v2\/users\/1"}],"replies":[{"embeddable":true,"href":"https:\/\/tenerife-living.com\/de\/wp-json\/wp\/v2\/comments?post=4356"}],"version-history":[{"count":0,"href":"https:\/\/tenerife-living.com\/de\/wp-json\/wp\/v2\/pages\/4356\/revisions"}],"wp:attachment":[{"href":"https:\/\/tenerife-living.com\/de\/wp-json\/wp\/v2\/media?parent=4356"}],"curies":[{"name":"wp","href":"https:\/\/api.w.org\/{rel}","templated":true}]}}