{"id":4349,"date":"2025-10-16T02:29:16","date_gmt":"2025-10-16T02:29:16","guid":{"rendered":"https:\/\/tenerife-living.com\/?page_id=4349"},"modified":"2025-10-16T06:03:49","modified_gmt":"2025-10-16T06:03:49","slug":"politica-de-privacidad","status":"publish","type":"page","link":"https:\/\/tenerife-living.com\/de\/politica-de-privacidad\/","title":{"rendered":"Datenschutzbestimmungen"},"content":{"rendered":"<p><div class=\"fusion-fullwidth fullwidth-box fusion-builder-row-1 fusion-flex-container has-pattern-background has-mask-background nonhundred-percent-fullwidth non-hundred-percent-height-scrolling\" style=\"--awb-background-position:center bottom;--awb-background-position-small:right bottom;--awb-border-color:var(--awb-color2);--awb-border-radius-top-left:0px;--awb-border-radius-top-right:0px;--awb-border-radius-bottom-right:0px;--awb-border-radius-bottom-left:0px;--awb-min-height:550px;--awb-background-color:var(--awb-color2);--awb-background-size:contain;--awb-background-size-small:cover;--awb-flex-wrap:wrap;\" ><div class=\"fusion-builder-row fusion-row fusion-flex-align-items-center fusion-flex-align-content-center fusion-flex-justify-content-center fusion-flex-content-wrap\" style=\"max-width:1248px;margin-left: calc(-4% \/ 2 );margin-right: calc(-4% \/ 2 );\"><div class=\"fusion-layout-column fusion_builder_column fusion-builder-column-0 fusion_builder_column_1_1 1_1 fusion-flex-column\" style=\"--awb-bg-size:cover;--awb-width-large:100%;--awb-margin-top-large:0px;--awb-spacing-right-large:1.92%;--awb-margin-bottom-large:0px;--awb-spacing-left-large:1.92%;--awb-width-medium:100%;--awb-order-medium:0;--awb-spacing-right-medium:1.92%;--awb-spacing-left-medium:1.92%;--awb-width-small:100%;--awb-order-small:0;--awb-spacing-right-small:5vw;--awb-spacing-left-small:5vw;\"><div class=\"fusion-column-wrapper fusion-column-has-shadow fusion-flex-justify-content-flex-start fusion-content-layout-column\"><div class=\"fusion-title title fusion-title-1 fusion-sep-none fusion-title-center fusion-title-text fusion-title-size-one\" style=\"--awb-font-size:75px;\"><h1 class=\"fusion-title-heading title-heading-center fusion-responsive-typography-calculated\" style=\"font-family:var(--awb-typography1-font-family);font-weight:var(--awb-typography1-font-weight);font-style:var(--awb-typography1-font-style);margin:0;font-size:1em;letter-spacing:var(--awb-typography1-letter-spacing);text-transform:var(--awb-typography1-text-transform);--fontSize:75;line-height:var(--awb-typography1-line-height);\">Datenschutzbestimmungen<\/h1><\/div><\/div><\/div><\/div><\/div><div class=\"fusion-fullwidth fullwidth-box fusion-builder-row-2 fusion-flex-container has-pattern-background has-mask-background hundred-percent-fullwidth non-hundred-percent-height-scrolling\" style=\"--link_color: var(--awb-color2);--awb-border-sizes-top:1.5px;--awb-border-sizes-bottom:1.5px;--awb-border-sizes-left:1.5px;--awb-border-sizes-right:1.5px;--awb-border-color:var(--awb-color2);--awb-border-radius-top-left:0px;--awb-border-radius-top-right:0px;--awb-border-radius-bottom-right:0px;--awb-border-radius-bottom-left:0px;--awb-flex-wrap:wrap;\" ><div class=\"fusion-builder-row fusion-row fusion-flex-align-items-flex-start fusion-flex-justify-content-center fusion-flex-content-wrap\" style=\"width:104% !important;max-width:104% !important;margin-left: calc(-4% \/ 2 );margin-right: calc(-4% \/ 2 );\"><div class=\"fusion-layout-column fusion_builder_column fusion-builder-column-1 fusion_builder_column_2_3 2_3 fusion-flex-column\" style=\"--awb-padding-top:5vw;--awb-padding-right:2vw;--awb-padding-bottom:5vw;--awb-padding-left:2vw;--awb-padding-top-small:15vw;--awb-padding-bottom-small:15vw;--awb-bg-size:cover;--awb-width-large:66.666666666667%;--awb-margin-top-large:0px;--awb-spacing-right-large:100px;--awb-margin-bottom-large:20px;--awb-spacing-left-large:100px;--awb-width-medium:100%;--awb-order-medium:0;--awb-spacing-right-medium:100px;--awb-spacing-left-medium:100px;--awb-width-small:100%;--awb-order-small:0;--awb-spacing-right-small:1.92%;--awb-spacing-left-small:1.92%;\"><div class=\"fusion-column-wrapper fusion-column-has-shadow fusion-flex-justify-content-flex-start fusion-content-layout-column\"><div class=\"fusion-text fusion-text-1\" style=\"--awb-font-size:20px;--awb-line-height:var(--awb-typography4-line-height);--awb-letter-spacing:var(--awb-typography4-letter-spacing);--awb-text-transform:var(--awb-typography4-text-transform);--awb-text-color:var(--awb-custom_color_1);--awb-text-font-family:&quot;Outfit&quot;;--awb-text-font-style:normal;--awb-text-font-weight:300;\"><h5 data-fontsize=\"30\" style=\"--fontSize: 30; line-height: 1;\" data-lineheight=\"30px\" class=\"fusion-responsive-typography-calculated\">Datenschutzrichtlinie angepasst an die europ\u00e4ische Regelung der LOPD<\/h5>\n<p>Verantwortlich : GGKDRD Inversiones Y Construcciones SL<\/p>\n<p>Zweck: Beantwortung von Anfragen im Zusammenhang mit der Erbringung von Dienstleistungen und der Erf\u00fcllung von vertraglichen und vorvertraglichen Verpflichtungen.<\/p>\n<p>Legitimation: Zustimmung der betroffenen Person.<\/p>\n<p>Adressaten : Andere spanische Unternehmen, die Teil des Netzwerks von Unternehmen sind, die mit GGKDRD Inversiones Y Construcciones SL zusammenarbeiten. \u00d6ffentliche Verwaltungen und \u00f6ffentliche Einrichtungen, die den direkt von GGKDRD Inversiones Y Construcciones SL geforderten Verpflichtungen nachkommen.<\/p>\n<p>Rechte: Zugang zu den Daten, Berichtigung und L\u00f6schung der Daten sowie andere Rechte, wie in den zus\u00e4tzlichen Informationen erl\u00e4utert.<\/p>\n<p>Zus\u00e4tzliche Informationen : Bitte lesen Sie die zus\u00e4tzlichen und ausf\u00fchrlichen Informationen zum Datenschutz.<\/p>\n<h5>ZUS\u00c4TZLICHE INFORMATIONEN<\/h5>\n<p>GGKDRD Inversiones Y Construcciones SL hat im Rahmen seines Engagements f\u00fcr den Schutz der personenbezogenen Daten seiner Kunden und als maximale Garantie f\u00fcr deren Privatsph\u00e4re eine \u00dcberpr\u00fcfung aller Gesch\u00e4ftsprozesse und insbesondere derjenigen, die die Verarbeitung personenbezogener Daten betreffen, durchgef\u00fchrt, um sie an die neuen Anforderungen der EU-Verordnungen, der Allgemeinen Datenschutzverordnung (GDPR), anzupassen und geeignete Sicherheitsma\u00dfnahmen auf der Grundlage der Ergebnisse der durchgef\u00fchrten Risikoanalyse und seiner Datenschutzrichtlinien und folglich der vorliegenden aktualisierten rechtlichen Informationen umzusetzen.<\/p>\n<p>Der Nutzer und\/oder Auftraggeber garantiert, dass die zur Verf\u00fcgung gestellten Daten wahrheitsgetreu, genau, vollst\u00e4ndig und aktuell sind, und haftet f\u00fcr alle direkten oder indirekten Sch\u00e4den oder Verluste, die sich aus der Nichteinhaltung dieser Verpflichtung ergeben k\u00f6nnen. F\u00fcr den Fall, dass die zur Verf\u00fcgung gestellten Daten einem Dritten geh\u00f6ren, garantiert der Nutzer und\/oder Auftraggeber, diesen Dritten \u00fcber die in diesem Dokument enthaltenen Aspekte informiert zu haben und seine Zustimmung zur Weitergabe seiner Daten an GGKDRD Inversiones Y Construcciones SL zu den angegebenen Zwecken erhalten zu haben. Das Portal kann Blogs, Foren und andere Anwendungen oder Dienste zur sozialen Vernetzung beherbergen, um den Austausch von Wissen und Inhalten zu erleichtern.<\/p>\n<p>Alle vom Nutzer bereitgestellten pers\u00f6nlichen Daten k\u00f6nnen mit anderen Nutzern dieses Dienstes geteilt werden, worauf GGKDRD Inversiones Y Construcciones SL keinen Einfluss hat. Zu Zwecken der technischen Sicherheit und der Systemdiagnose kann GGKDRD Inversiones Y Construcciones SL die IP-Adresse (Internet-Zugangs-Identifikationsnummer des Ger\u00e4ts, \u00fcber die sich Ger\u00e4te, Systeme und Server gegenseitig erkennen und kommunizieren k\u00f6nnen) anonym oder pseudonymisiert speichern. Diese Informationen k\u00f6nnen auch zur Analyse der Web-Performance verwendet werden. In \u00dcbereinstimmung mit den geltenden Vorschriften zum Schutz personenbezogener Daten wird der Nutzer oder Kunde von GGKDRD Inversiones Y Construcciones SL \u00fcber Folgendes informiert:<\/p>\n<h5>DATENVERANTWORTLICHER<\/h5>\n<p>Die zu GGKDRD Inversiones Y Construcciones SL geh\u00f6renden und somit f\u00fcr die Verarbeitung der vom Nutzer freiwillig zur Verf\u00fcgung gestellten Daten verantwortlichen Stellen sind: GGKDRD Inversiones Y Construcciones SL CIF: B38544730<\/p>\n<h5>NOTWENDIGKEIT DER VERARBEITUNG VON PERSONENBEZOGENEN DATEN<\/h5>\n<p>Die vom Nutzer freiwillig zur Verf\u00fcgung gestellten personenbezogenen Daten werden in den Verarbeitungsunterlagen durch Ausf\u00fcllen von Formularen (auf Papier oder elektronisch) oder durch Kommunikation per E-Mail oder Telefonkontakt durch GGKDRD Inversiones Y Construcciones SL oder durch die Unternehmen, die die Gruppe GGKDRD Inversiones Y Construcciones SL bilden, zu folgenden Zwecken erfasst: Bearbeitung und Verwaltung der Informations- und\/oder Beratungsanfragen, Vorvertr\u00e4ge oder Vertr\u00e4ge, die vom Nutzer und\/oder Kunden \u00fcber diese Website, per Telefon oder E-Mail gestellt werden. Verwaltung und Kontrolle der \u00fcber die Website, per Telefon oder E-Mail angebotenen Dienstleistungen in Bezug auf Beratung und Erbringung von Dienstleistungen, die eine \u00dcberweisung an Fachleute aus den Bereichen Recht, Gesundheit und Rechtshilfe erfordern k\u00f6nnen. Die Versicherung. Zusendung von Informationen \u00fcber die Dienstleistungen und Produkte von GGKDRD Inversiones Y Construcciones SL, deren Vertragsabschluss f\u00fcr den Nutzer von Interesse sein kann. Erbringung der auf der Website enthaltenen Dienstleistungen und\/oder Bereitstellung der angeforderten Informationen entweder \u00fcber das Internet, per E-Mail oder telefonisch. Telefongespr\u00e4che k\u00f6nnen aufgezeichnet werden, um die Qualit\u00e4t der Dienstleistung zu gew\u00e4hrleisten. E-Mails k\u00f6nnen eine Empfangs- und Lesebest\u00e4tigung enthalten. Zur Verwaltung der vertraglichen oder gesch\u00e4ftlichen Beziehungen zwischen GGKDRD Inversiones Y Construcciones SL und den Benutzern und\/oder Kunden. Um die Erf\u00fcllung der von GGKDRD Inversiones Y Construcciones SL eingegangenen vertraglichen oder au\u00dfervertraglichen Verpflichtungen zu verwalten. Zur Verwaltung und Pflege eines einheitlichen Kundenregisters der Unternehmen der Gruppe GGKDRD Inversiones Y Construcciones SL im Werbesystem von GGKDRD Inversiones Y Construcciones SL. Um dem Nutzer personalisierte Produkte, Dienstleistungen oder Inhalte anzubieten, indem die Profile und Segmentierungs- oder CRM-Aufgaben, die der Kunde derzeit hat, abgerufen, erweitert und verbessert werden. In F\u00e4llen, in denen der Nutzer ausdr\u00fccklich zustimmt, werden Werbe- und kommerzielle Informationen \u00fcber GGKDRD Inversiones Y Construcciones SL, \u00fcber ihre Aktivit\u00e4ten, Dienstleistungen, Angebote, Wettbewerbe, Sonderaktionen und verschiedene Arten von Unterlagen f\u00fcr den Nutzer und\/oder Kunden gesendet, die von Interesse oder Nutzen sind und mit den Bereichen Transport, Freizeit, Reisen, Kultur, Karten und Zahlungsmittel, Automobil, Versicherungen, Finanzierung, Geschenke oder Technologie zusammenh\u00e4ngen. Ebenso wird der Nutzer bei jedem Vorgang, bei dem er seine pers\u00f6nlichen Daten zur Verf\u00fcgung stellt, \u00fcber die obligatorische oder fakultative Form der Ausf\u00fcllung und das Ergebnis der informierten Lieferung informiert.<\/p>\n<h5>INFORMATIONEN \u00dcBER DIE VERARBEITUNG VON DATEN ZUM ZWECK DER \u00dcBERMITTLUNG VON MITTEILUNGEN<\/h5>\n<p>Die Daten, die in Informations- und\/oder Werbemitteilungen verwendet oder zur Verf\u00fcgung gestellt werden, werden von GGKDRD Inversiones Y Construcciones SL zum Zweck der Versendung von elektronischen Mitteilungen informativen Charakters \u00fcber Dienstleistungen, Aktivit\u00e4ten, Ver\u00f6ffentlichungen, Feierlichkeiten, Gl\u00fcckw\u00fcnsche und soziale und berufliche Veranstaltungen von GGKDRD Inversiones Y Construcciones SL, die f\u00fcr den Nutzer und\/oder Kunden von Interesse sein k\u00f6nnen, sowie zur \u00dcberwachung und Optimierung der Marketingkampagnen, die mit Technologien f\u00fcr diesen Zweck durchgef\u00fchrt werden, verarbeitet. Die Zustimmung zum Versand solcher Nachrichten kann jederzeit in jeder erhaltenen Nachricht widerrufen werden, indem eine E-Mail an info@tenerife-living.com gesendet wird. Das Kriterium f\u00fcr die Aufbewahrung der Daten basiert auf der Offenbarung, die ihrer Verarbeitung widerspricht. In jedem Fall k\u00f6nnen die Rechte auf Auskunft, Berichtigung oder L\u00f6schung, Einschr\u00e4nkung der Verarbeitung, Widerspruch und \u00dcbertragbarkeit per E-Mail an info@tenerife-living.com unter Beif\u00fcgung einer Fotokopie des Personalausweises oder eines gleichwertigen Dokuments ausge\u00fcbt werden.<\/p>\n<h5>PERSONENBEZOGENE DATEN VON DRITTEN<\/h5>\n<p>F\u00fcr den Fall, dass personenbezogene Daten von einer anderen Person als dem Nutzer oder dem Inhaber der Daten, der als dessen Vertreter handelt, zur Verf\u00fcgung gestellt werden, garantiert dieser Vertreter, dass er den Inhaber der Daten \u00fcber die in dieser Datenschutzrichtlinie genannten Daten informiert hat und dessen Erlaubnis erhalten hat, seine Daten an GGKDRD Inversiones Y Construcciones SL f\u00fcr die genannten Zwecke zu \u00fcbermitteln. Er garantiert au\u00dferdem, dass die bereitgestellten Daten korrekt und aktuell sind und haftet f\u00fcr alle direkten oder indirekten Sch\u00e4den, die sich aus der Nichteinhaltung dieser Verpflichtung ergeben k\u00f6nnen. SPEICHERUNG PERSONENBEZOGENER DATEN Die zur Verf\u00fcgung gestellten personenbezogenen Daten werden so lange aufbewahrt, wie das Vertragsverh\u00e4ltnis aufrechterhalten wird, ihre L\u00f6schung vom Betroffenen nicht verlangt wird und sie nicht gel\u00f6scht werden d\u00fcrfen, da sie f\u00fcr die Erf\u00fcllung einer gesetzlichen Verpflichtung, f\u00fcr die Formulierung, Aus\u00fcbung und Verteidigung von Anspr\u00fcchen erforderlich sind oder wenn ihre Aufrechterhaltung notwendig ist, um die Anwendung des Vorteils, des Rabatts oder des Werbevorteils f\u00fcr den Kunden zu erm\u00f6glichen. Wenn der Nutzer in die Verarbeitung seiner Daten einwilligt oder von seinem Recht auf L\u00f6schung oder Unterdr\u00fcckung Gebrauch macht, werden seine personenbezogenen Daten w\u00e4hrend der gesetzlich festgelegten Fristen der Justizverwaltung zur Verf\u00fcgung gestellt, um die sich aus der Verarbeitung ergebenden m\u00f6glichen Verantwortlichkeiten zu \u00fcbernehmen.<\/p>\n<h5>LEGITIMATION F\u00dcR DIE VERARBEITUNG PERSONENBEZOGENER DATEN<\/h5>\n<p>GGKDRD Inversiones Y Construcciones SL ist befugt, personenbezogene Daten auf folgender Grundlage zu verarbeiten: Der Nutzer oder Kunde hat seine ausdr\u00fcckliche Einwilligung zu den in Abschnitt 2 dieser Erkl\u00e4rung beschriebenen Zwecken gegeben, die die Verarbeitung von Nutzer- oder Kundendaten erfordern, aus denen die rassische oder ethnische Herkunft, politische Meinungen und religi\u00f6se oder philosophische \u00dcberzeugungen, die Gewerkschaftszugeh\u00f6rigkeit, genetische Daten, biometrische Daten zur eindeutigen Identifizierung einer nat\u00fcrlichen Person, Daten \u00fcber Gesundheit, Straftaten oder Daten zum Leben oder zur sexuellen Orientierung hervorgehen. Der Nutzer oder Kunde hat seine personenbezogenen Daten im Rahmen eines vertraglichen oder vorvertraglichen Verh\u00e4ltnisses zur Verf\u00fcgung gestellt, um seine Anfrage nach Informationen oder Beratung in Rechts-, Gesundheits- und Versicherungsangelegenheiten zu bearbeiten. Der Nutzer oder Kunde hat sein Einverst\u00e4ndnis f\u00fcr die Zusendung von kommerziellen Mitteilungen \u00fcber Produkte oder Dienstleistungen von GGKDRD Inversiones Y Construcciones SL, die f\u00fcr ihn von Interesse sein k\u00f6nnten, f\u00fcr die Installation von \u00dcberwachungssystemen, die Informationen \u00fcber seine Surfgewohnheiten in \u00dcbereinstimmung mit der Cookie-Politik liefern, oder f\u00fcr die Zusendung der erforderlichen Informationen \u00fcber die Kontaktformulare gegeben. Es gibt gesetzliche Verpflichtungen, die die Verarbeitung personenbezogener Daten in \u00dcbereinstimmung mit den angebotenen Dienstleistungen erfordern. Die Rechtsgrundlage f\u00fcr die Verarbeitung personenbezogener Daten von Nutzern und\/oder Kunden durch GGKDRD Inversiones Y Construcciones SL findet sich in den Buchstaben a), b) und c) von Artikel 6, Nummer 1, der Verordnung (EU) 2016\/679 vom 27. April.<\/p>\n<h5>ZIELKATEGORIEN<\/h5>\n<p>Die personenbezogenen Daten von Nutzern und\/oder Kunden von GGKDRD Inversiones Y Construcciones SL k\u00f6nnen an die folgenden Kategorien von Interessenten weitergegeben werden: Agenturen, mit denen GGKDRD Inversiones Y Construcciones SL Kooperationsvereinbarungen f\u00fcr die korrekte Ausf\u00fchrung des Vertrags unterh\u00e4lt. Anbieter von IT-Diensten, einschlie\u00dflich Cloud-Computing-Diensten. \u00d6ffentliche Verwaltungen und \u00f6ffentliche Einrichtungen zur Erf\u00fcllung von Verpflichtungen, die f\u00fcr GGKDRD Inversiones Y Construcciones SL sofort vollstreckbar sind oder wenn sie \u00fcber eine entsprechende gesetzliche Genehmigung verf\u00fcgt.<\/p>\n<h5>INTERNATIONALER TRANSFER<\/h5>\n<p>GGKDRD Inversiones Y Construcciones SL f\u00fchrt derzeit keine internationalen Daten\u00fcbermittlungen durch.<\/p>\n<h5>RECHTE DER BETROFFENEN PERSON<\/h5>\n<p>Gegen\u00fcber GGKDRD Inversiones Y Construcciones SL kann der Nutzer und\/oder Kunde das Recht auf Auskunft, Berichtigung oder L\u00f6schung, Einschr\u00e4nkung der Verarbeitung, Widerspruch, \u00dcbertragbarkeit und gegen automatisierte Einzelentscheidungen geltend machen. Sie k\u00f6nnen auch ihre Zustimmung zur\u00fcckziehen, wenn sie diese f\u00fcr einen bestimmten Zweck erteilt haben, und ihre Pr\u00e4ferenzen jederzeit \u00e4ndern. Der Nutzer und\/oder Kunde kann alle im vorigen Absatz genannten Rechte aus\u00fcben, indem er eine E-Mail mit den entsprechenden Informationen an GGKDRD Inversiones Y Construcciones SL sendet: info@tenerife-living.com oder indem er ein unterschriebenes Schreiben an GGKDRD Inversiones Y Construcciones SL, Camino La Sabina 52, Buen Paso - Icod de los Vinos 38430 Teneriffa sendet, wobei in beiden F\u00e4llen eine Kopie der DNI, NIE oder des Reisepasses und, falls zutreffend, die Belege f\u00fcr den Antrag beigef\u00fcgt werden. Der Nutzer und\/oder Kunde wird dar\u00fcber informiert, dass er\/sie bei der spanischen Datenschutzbeh\u00f6rde (www.agpd.es) eine Beschwerde zum Schutz personenbezogener Daten einreichen kann.<\/p>\n<h5>POLITIK-AKTUALISIERUNG<\/h5>\n<p>Diese Politik wurde in \u00dcbereinstimmung mit den Anforderungen der Allgemeinen Datenschutzverordnung der Gemeinschaft (GDPR) aktualisiert. Es wird auch darauf hingewiesen, dass diese Politik aufgrund von \u00c4nderungen der Anforderungen durch die geltende Gesetzgebung, gerichtliche Entscheidungen, \u00c4nderungen in der Rechtsprechung und \u00c4nderungen in der Leistung und Gesch\u00e4ftsstrategie von GGKDRD Inversiones Y Construcciones SL und ihren Tochtergesellschaften ge\u00e4ndert werden kann. Die Ver\u00f6ffentlichung und der Zugang der Nutzer erfolgt \u00fcber dieselbe Website. F\u00fcr die Beziehungen, die vor der \u00c4nderung zu ihnen aufgebaut wurden, gelten die Regeln, die zum Zeitpunkt des Zugriffs auf diese Website galten.<\/p>\n<p>Offizielle Website zur F\u00f6rderung des Tourismus auf den Kanarischen Inseln - Offizielle Website zur F\u00f6rderung des Tourismus auf Teneriffa - Asociaci\u00f3n Canaria de Alquileres Vacacionales ASCAV (Kanarischer Verband f\u00fcr Ferienvermietung)<\/p>\n<\/div><div class=\"fusion-separator fusion-full-width-sep\" style=\"align-self: center;margin-left: auto;margin-right: auto;margin-top:10px;margin-bottom:10px;width:100%;\"><\/div><\/div><\/div><\/div><\/div><\/p>","protected":false},"excerpt":{"rendered":"","protected":false},"author":1,"featured_media":0,"parent":0,"menu_order":0,"comment_status":"closed","ping_status":"closed","template":"100-width.php","meta":{"_acf_changed":false,"footnotes":""},"class_list":["post-4349","page","type-page","status-publish","hentry"],"acf":[],"yoast_head":"<!-- This site is optimized with the Yoast SEO plugin v26.2 - https:\/\/yoast.com\/wordpress\/plugins\/seo\/ -->\n<title>Pol\u00edtica de privacidad - Tenerife Living<\/title>\n<meta name=\"robots\" content=\"index, follow, max-snippet:-1, max-image-preview:large, max-video-preview:-1\" \/>\n<link rel=\"canonical\" href=\"https:\/\/tenerife-living.com\/de\/politica-de-privacidad\/\" \/>\n<meta property=\"og:locale\" content=\"de_DE\" \/>\n<meta property=\"og:type\" content=\"article\" \/>\n<meta property=\"og:title\" content=\"Pol\u00edtica de privacidad - Tenerife Living\" \/>\n<meta property=\"og:url\" content=\"https:\/\/tenerife-living.com\/de\/politica-de-privacidad\/\" \/>\n<meta property=\"og:site_name\" content=\"Tenerife Living\" \/>\n<meta property=\"article:modified_time\" content=\"2025-10-16T06:03:49+00:00\" \/>\n<meta name=\"twitter:card\" content=\"summary_large_image\" \/>\n<meta name=\"twitter:label1\" content=\"Gesch\u00e4tzte Lesezeit\" \/>\n\t<meta name=\"twitter:data1\" content=\"17\u00a0Minuten\" \/>\n<script type=\"application\/ld+json\" class=\"yoast-schema-graph\">{\"@context\":\"https:\/\/schema.org\",\"@graph\":[{\"@type\":\"WebPage\",\"@id\":\"https:\/\/tenerife-living.com\/politica-de-privacidad\/\",\"url\":\"https:\/\/tenerife-living.com\/politica-de-privacidad\/\",\"name\":\"Pol\u00edtica de privacidad - Tenerife Living\",\"isPartOf\":{\"@id\":\"https:\/\/tenerife-living.com\/#website\"},\"datePublished\":\"2025-10-16T02:29:16+00:00\",\"dateModified\":\"2025-10-16T06:03:49+00:00\",\"breadcrumb\":{\"@id\":\"https:\/\/tenerife-living.com\/politica-de-privacidad\/#breadcrumb\"},\"inLanguage\":\"de\",\"potentialAction\":[{\"@type\":\"ReadAction\",\"target\":[\"https:\/\/tenerife-living.com\/politica-de-privacidad\/\"]}]},{\"@type\":\"BreadcrumbList\",\"@id\":\"https:\/\/tenerife-living.com\/politica-de-privacidad\/#breadcrumb\",\"itemListElement\":[{\"@type\":\"ListItem\",\"position\":1,\"name\":\"Home\",\"item\":\"https:\/\/tenerife-living.com\/\"},{\"@type\":\"ListItem\",\"position\":2,\"name\":\"Pol\u00edtica de privacidad\"}]},{\"@type\":\"WebSite\",\"@id\":\"https:\/\/tenerife-living.com\/#website\",\"url\":\"https:\/\/tenerife-living.com\/\",\"name\":\"Tenerife Living\",\"description\":\"Tu alojamiento en Tenerife con alma canaria.\",\"potentialAction\":[{\"@type\":\"SearchAction\",\"target\":{\"@type\":\"EntryPoint\",\"urlTemplate\":\"https:\/\/tenerife-living.com\/?s={search_term_string}\"},\"query-input\":{\"@type\":\"PropertyValueSpecification\",\"valueRequired\":true,\"valueName\":\"search_term_string\"}}],\"inLanguage\":\"de\"}]}<\/script>\n<!-- \/ Yoast SEO plugin. -->","yoast_head_json":{"title":"Datenschutzerkl\u00e4rung - Tenerife Living","robots":{"index":"index","follow":"follow","max-snippet":"max-snippet:-1","max-image-preview":"max-image-preview:large","max-video-preview":"max-video-preview:-1"},"canonical":"https:\/\/tenerife-living.com\/de\/politica-de-privacidad\/","og_locale":"de_DE","og_type":"article","og_title":"Pol\u00edtica de privacidad - Tenerife Living","og_url":"https:\/\/tenerife-living.com\/de\/politica-de-privacidad\/","og_site_name":"Tenerife Living","article_modified_time":"2025-10-16T06:03:49+00:00","twitter_card":"summary_large_image","twitter_misc":{"Gesch\u00e4tzte Lesezeit":"17\u00a0Minuten"},"schema":{"@context":"https:\/\/schema.org","@graph":[{"@type":"WebPage","@id":"https:\/\/tenerife-living.com\/politica-de-privacidad\/","url":"https:\/\/tenerife-living.com\/politica-de-privacidad\/","name":"Datenschutzerkl\u00e4rung - Tenerife Living","isPartOf":{"@id":"https:\/\/tenerife-living.com\/#website"},"datePublished":"2025-10-16T02:29:16+00:00","dateModified":"2025-10-16T06:03:49+00:00","breadcrumb":{"@id":"https:\/\/tenerife-living.com\/politica-de-privacidad\/#breadcrumb"},"inLanguage":"de","potentialAction":[{"@type":"ReadAction","target":["https:\/\/tenerife-living.com\/politica-de-privacidad\/"]}]},{"@type":"BreadcrumbList","@id":"https:\/\/tenerife-living.com\/politica-de-privacidad\/#breadcrumb","itemListElement":[{"@type":"ListItem","position":1,"name":"Home","item":"https:\/\/tenerife-living.com\/"},{"@type":"ListItem","position":2,"name":"Pol\u00edtica de privacidad"}]},{"@type":"WebSite","@id":"https:\/\/tenerife-living.com\/#website","url":"https:\/\/tenerife-living.com\/","name":"Teneriffa Leben","description":"Ihre Unterkunft auf Teneriffa mit einer kanarischen Seele.","potentialAction":[{"@type":"SearchAction","target":{"@type":"EntryPoint","urlTemplate":"https:\/\/tenerife-living.com\/?s={search_term_string}"},"query-input":{"@type":"PropertyValueSpecification","valueRequired":true,"valueName":"search_term_string"}}],"inLanguage":"de"}]}},"_links":{"self":[{"href":"https:\/\/tenerife-living.com\/de\/wp-json\/wp\/v2\/pages\/4349","targetHints":{"allow":["GET"]}}],"collection":[{"href":"https:\/\/tenerife-living.com\/de\/wp-json\/wp\/v2\/pages"}],"about":[{"href":"https:\/\/tenerife-living.com\/de\/wp-json\/wp\/v2\/types\/page"}],"author":[{"embeddable":true,"href":"https:\/\/tenerife-living.com\/de\/wp-json\/wp\/v2\/users\/1"}],"replies":[{"embeddable":true,"href":"https:\/\/tenerife-living.com\/de\/wp-json\/wp\/v2\/comments?post=4349"}],"version-history":[{"count":0,"href":"https:\/\/tenerife-living.com\/de\/wp-json\/wp\/v2\/pages\/4349\/revisions"}],"wp:attachment":[{"href":"https:\/\/tenerife-living.com\/de\/wp-json\/wp\/v2\/media?parent=4349"}],"curies":[{"name":"wp","href":"https:\/\/api.w.org\/{rel}","templated":true}]}}